{"id":807,"date":"2019-03-29T09:59:44","date_gmt":"2019-03-29T08:59:44","guid":{"rendered":"http:\/\/panam.novae.website\/?page_id=807"},"modified":"2024-06-04T09:30:29","modified_gmt":"2024-06-04T07:30:29","slug":"faq","status":"publish","type":"page","link":"https:\/\/www.panamhotel.fr\/de\/faq\/","title":{"rendered":"FAQ"},"content":{"rendered":"[vc_row type=&#8220;full_width_background&#8220; full_screen_row_position=&#8220;middle&#8220; equal_height=&#8220;yes&#8220; content_placement=&#8220;middle&#8220; bg_image=&#8220;771&#8243; bg_position=&#8220;center center&#8220; bg_repeat=&#8220;no-repeat&#8220; bg_color=&#8220;#ffffff&#8220; scene_position=&#8220;center&#8220; text_color=&#8220;light&#8220; text_align=&#8220;left&#8220; top_padding=&#8220;9%&#8220; bottom_padding=&#8220;9%&#8220; class=&#8220;title&#8220; enable_gradient=&#8220;true&#8220; color_overlay=&#8220;#0a0a0a&#8220; gradient_direction=&#8220;left_t_to_right_b&#8220; overlay_strength=&#8220;1&#8243; enable_shape_divider=&#8220;true&#8220; shape_divider_color=&#8220;#ffffff&#8220; shape_divider_position=&#8220;bottom&#8220; shape_divider_height=&#8220;250&#8243; shape_type=&#8220;tilt_alt&#8220;][vc_column column_padding=&#8220;no-extra-padding&#8220; column_padding_position=&#8220;all&#8220; background_color_opacity=&#8220;1&#8243; background_hover_color_opacity=&#8220;1&#8243; column_shadow=&#8220;none&#8220; column_border_radius=&#8220;none&#8220; width=&#8220;1\/1&#8243; tablet_text_alignment=&#8220;default&#8220; phone_text_alignment=&#8220;default&#8220; column_border_width=&#8220;none&#8220; column_border_style=&#8220;solid&#8220;][nectar_animated_title heading_tag=&#8220;h1&#8243; style=&#8220;color-strip-reveal&#8220; color=&#8220;Accent-Color&#8220; text=&#8220;F.A.Q.&#8220;]<div class=\"divider-wrap\"><div style=\"height: 50px;\" class=\"divider\"><\/div><\/div>[\/vc_column][\/vc_row][vc_row type=&#8220;in_container&#8220; full_screen_row_position=&#8220;middle&#8220; scene_position=&#8220;center&#8220; text_color=&#8220;dark&#8220; text_align=&#8220;left&#8220; id=&#8220;quest&#8220; overlay_strength=&#8220;0.3&#8243; shape_divider_position=&#8220;bottom&#8220; shape_type=&#8220;&#8220;][vc_column column_padding=&#8220;no-extra-padding&#8220; column_padding_position=&#8220;all&#8220; background_color_opacity=&#8220;1&#8243; background_hover_color_opacity=&#8220;1&#8243; column_shadow=&#8220;none&#8220; column_border_radius=&#8220;none&#8220; width=&#8220;1\/1&#8243; tablet_text_alignment=&#8220;default&#8220; phone_text_alignment=&#8220;default&#8220; column_border_width=&#8220;none&#8220; column_border_style=&#8220;solid&#8220;][vc_custom_heading text=&#8220;H\u00e4ufig gestellte Fragen&#8220; font_container=&#8220;tag:h2|font_size:45|text_align:right|color:%234f4f4f|line_height:70px&#8220; use_theme_fonts=&#8220;yes&#8220; css=&#8220;.vc_custom_1553849955441{margin-bottom: 75px !important;}&#8220;][vc_column_text]<strong>Wie sind die \u00d6ffnungszeiten f\u00fcr Check-In und Check-Out?<\/strong><br \/>\nCheck-in: 15.00 Uhr &#8211; Check-out: 11.00 Uhr<\/p>\n<p><strong>Kann ich das Zimmer sp\u00e4ter verlassen?<\/strong><br \/>\nJa, bis 14 Uhr mit einem Zuschlag von 20 \u20ac.<\/p>\n<p><strong>Kann ich die Art des Bettes in meinem Zimmer w\u00e4hlen? (gro\u00dfes Bett &#8211; 2 Einzelbetten)?<\/strong><br \/>\nJa, je nach Verf\u00fcgbarkeit auf Doppelzimmer (ein Bett oder zwei Einzelbetten).<\/p>\n<p><strong>Wir kommen mit 1 (oder mehr) Kindern. Sind Sie damit einverstanden, ein zus\u00e4tzliches Bett in einem Doppelzimmer hinzuzuf\u00fcgen? Welche andere L\u00f6sung k\u00f6nnen Sie uns anbieten?<\/strong><br \/>\nNein, es ist nicht m\u00f6glich, ein Bett in den Doppelzimmern hinzuzuf\u00fcgen. Es gibt jedoch auch andere Arten von Zimmern, die Platz f\u00fcr bis zu 4 Personen bieten.<\/p>\n<p><strong>Gibt es Nichtraucherzimmer?<\/strong><br \/>\nJa, bitte geben Sie bei der Reservierung an.<\/p>\n<p><strong>Wie viele Stockwerke enth\u00e4lt das Geb\u00e4ude? Gibt es einen Aufzug?<\/strong><br \/>\n7 Etagen und ein Aufzug.<\/p>\n<p><strong>Gibt es eine Klimaanlage in den Zimmern? Funktioniert es das ganze Jahr?<\/strong><br \/>\nJa.<\/p>\n<p><strong>Ist das Hotel f\u00fcr Personen mit eingeschr\u00e4nkter Mobilit\u00e4t geeignet?<\/strong><br \/>\nLeider nein.<\/p>\n<p><strong>Kannst du mein Gep\u00e4ck behalten, wenn ich den Raum verlasse?<\/strong><br \/>\nJa.<\/p>\n<p><strong>Wo kann ich mein Auto an einem sicheren Ort abstellen? Was kostet das?<\/strong><br \/>\nJa, das Hotel hat eine Garage 50 m vom Hotel entfernt. Die Kosten betragen 25 \u20ac \/ Tag. Anzahl der Pl\u00e4tze begrenzt, danke, uns zu kontaktieren.<\/p>\n<p><strong>Haben Sie ein Internetterminal oder eine E-Mail f\u00fcr Kunden?<\/strong><br \/>\nJa, ein kostenloser Internet Point steht den G\u00e4sten zur Verf\u00fcgung.<\/p>\n<p><strong>Bieten Sie im Raum f\u00fcr mein Handy Breitbandinternet an? Ist es Wifi (drahtlos)?<\/strong><br \/>\nJa, wir bieten kostenloses WLAN f\u00fcr unsere Kunden.<\/p>\n<p><strong>Welche Sprachen werden an der Rezeption gesprochen?<\/strong><br \/>\nFranz\u00f6sisch, Englisch, Spanisch.<\/p>\n<p><strong>Wie ist die Nachbarschaft, in der sich das Hotel befindet?<\/strong><br \/>\nWir befinden uns in einer charmanten und ruhigen Gegend.<\/p>\n<p><strong>Was ist der n\u00e4chste Flughafen? Wie lange dauert die Anreise vom Flughafen? Was sind die Transportmittel, um vom Flughafen zum Hotel zu gelangen?<\/strong><br \/>\nDer n\u00e4chstgelegene Flughafen ist Roissy-Charles de Gaulle. Der Bus oder die RER D sind die einfachsten \u00f6ffentlichen Verkehrsmittel, um das Hotel zu erreichen.<\/p>\n<p><strong>Wie viel kostet das Fr\u00fchst\u00fcck? Was schl\u00e4gst du vor? Wie sind die Servicezeiten? Bieten Sie Zimmerservice an?<\/strong><br \/>\nDas Fr\u00fchst\u00fccksbuffet kostet 15 \u20ac. Es umfasst Hei\u00dfgetr\u00e4nk, Orangensaft, Milchprodukte, M\u00fcsli, Geb\u00e4ck, frisches Brot, Schinken, K\u00e4se, Pfannkuchen, Waffel, Geb\u00e4ck, Kuchen, Butterfrucht, Natur- und Fruchtjoghurt, Fruchtkompott, Honig, Nutella und Marmelade. Es wird von 7 bis 10 Uhr serviert. F\u00fcr jeden Zimmerservice ist ein Aufpreis von 2 \u20ac erforderlich.[\/vc_column_text][\/vc_column][\/vc_row]\n","protected":false},"excerpt":{"rendered":"<p>[vc_row type=&#8220;full_width_background&#8220; full_screen_row_position=&#8220;middle&#8220; equal_height=&#8220;yes&#8220; content_placement=&#8220;middle&#8220; bg_image=&#8220;771&#8243; bg_position=&#8220;center center&#8220; bg_repeat=&#8220;no-repeat&#8220; bg_color=&#8220;#ffffff&#8220; scene_position=&#8220;center&#8220; text_color=&#8220;light&#8220; text_align=&#8220;left&#8220; top_padding=&#8220;9%&#8220; bottom_padding=&#8220;9%&#8220; class=&#8220;title&#8220; enable_gradient=&#8220;true&#8220; color_overlay=&#8220;#0a0a0a&#8220; gradient_direction=&#8220;left_t_to_right_b&#8220; overlay_strength=&#8220;1&#8243; enable_shape_divider=&#8220;true&#8220; shape_divider_color=&#8220;#ffffff&#8220; shape_divider_position=&#8220;bottom&#8220; shape_divider_height=&#8220;250&#8243; shape_type=&#8220;tilt_alt&#8220;][vc_column column_padding=&#8220;no-extra-padding&#8220; column_padding_position=&#8220;all&#8220; background_color_opacity=&#8220;1&#8243; background_hover_color_opacity=&#8220;1&#8243; column_shadow=&#8220;none&#8220;&#8230;<\/p>\n","protected":false},"author":1,"featured_media":0,"parent":0,"menu_order":0,"comment_status":"closed","ping_status":"closed","template":"","meta":{"footnotes":""},"class_list":["post-807","page","type-page","status-publish"],"yoast_head":"<!-- This site is optimized with the Yoast SEO plugin v24.4 - https:\/\/yoast.com\/wordpress\/plugins\/seo\/ -->\n<title>FAQ<\/title>\n<meta name=\"robots\" content=\"index, follow, max-snippet:-1, max-image-preview:large, max-video-preview:-1\" \/>\n<link rel=\"canonical\" href=\"https:\/\/www.panamhotel.fr\/de\/faq\/\" \/>\n<meta property=\"og:locale\" content=\"de_DE\" \/>\n<meta property=\"og:type\" content=\"article\" \/>\n<meta property=\"og:title\" content=\"FAQ\" \/>\n<meta property=\"og:description\" content=\"[vc_row type=&#8220;full_width_background&#8220; full_screen_row_position=&#8220;middle&#8220; equal_height=&#8220;yes&#8220; content_placement=&#8220;middle&#8220; bg_image=&#8220;771&#8243; bg_position=&#8220;center center&#8220; bg_repeat=&#8220;no-repeat&#8220; bg_color=&#8220;#ffffff&#8220; scene_position=&#8220;center&#8220; text_color=&#8220;light&#8220; text_align=&#8220;left&#8220; top_padding=&#8220;9%&#8220; bottom_padding=&#8220;9%&#8220; class=&#8220;title&#8220; enable_gradient=&#8220;true&#8220; color_overlay=&#8220;#0a0a0a&#8220; gradient_direction=&#8220;left_t_to_right_b&#8220; overlay_strength=&#8220;1&#8243; enable_shape_divider=&#8220;true&#8220; shape_divider_color=&#8220;#ffffff&#8220; shape_divider_position=&#8220;bottom&#8220; shape_divider_height=&#8220;250&#8243; shape_type=&#8220;tilt_alt&#8220;][vc_column column_padding=&#8220;no-extra-padding&#8220; column_padding_position=&#8220;all&#8220; background_color_opacity=&#8220;1&#8243; background_hover_color_opacity=&#8220;1&#8243; column_shadow=&#8220;none&#8220;...\" \/>\n<meta property=\"og:url\" content=\"https:\/\/www.panamhotel.fr\/de\/faq\/\" \/>\n<meta property=\"og:site_name\" content=\"Panam H\u00f4tel\" \/>\n<meta property=\"article:publisher\" content=\"https:\/\/www.facebook.com\/panamhotel\/\" \/>\n<meta property=\"article:modified_time\" content=\"2024-06-04T07:30:29+00:00\" \/>\n<meta name=\"twitter:card\" content=\"summary_large_image\" \/>\n<meta name=\"twitter:label1\" content=\"Gesch\u00e4tzte Lesezeit\" \/>\n\t<meta name=\"twitter:data1\" content=\"3\u00a0Minuten\" \/>\n<script type=\"application\/ld+json\" class=\"yoast-schema-graph\">{\"@context\":\"https:\/\/schema.org\",\"@graph\":[{\"@type\":\"WebPage\",\"@id\":\"https:\/\/www.panamhotel.fr\/de\/faq\/\",\"url\":\"https:\/\/www.panamhotel.fr\/de\/faq\/\",\"name\":\"FAQ\",\"isPartOf\":{\"@id\":\"https:\/\/www.panamhotel.fr\/#website\"},\"datePublished\":\"2019-03-29T08:59:44+00:00\",\"dateModified\":\"2024-06-04T07:30:29+00:00\",\"breadcrumb\":{\"@id\":\"https:\/\/www.panamhotel.fr\/de\/faq\/#breadcrumb\"},\"inLanguage\":\"de\",\"potentialAction\":[{\"@type\":\"ReadAction\",\"target\":[\"https:\/\/www.panamhotel.fr\/de\/faq\/\"]}]},{\"@type\":\"BreadcrumbList\",\"@id\":\"https:\/\/www.panamhotel.fr\/de\/faq\/#breadcrumb\",\"itemListElement\":[{\"@type\":\"ListItem\",\"position\":1,\"name\":\"Accueil\",\"item\":\"https:\/\/www.panamhotel.fr\/de\/\"},{\"@type\":\"ListItem\",\"position\":2,\"name\":\"FAQ\"}]},{\"@type\":\"WebSite\",\"@id\":\"https:\/\/www.panamhotel.fr\/#website\",\"url\":\"https:\/\/www.panamhotel.fr\/\",\"name\":\"Panam H\u00f4tel\",\"description\":\"H\u00f4tel 3 \u00e9toiles Paris\",\"potentialAction\":[{\"@type\":\"SearchAction\",\"target\":{\"@type\":\"EntryPoint\",\"urlTemplate\":\"https:\/\/www.panamhotel.fr\/?s={search_term_string}\"},\"query-input\":{\"@type\":\"PropertyValueSpecification\",\"valueRequired\":true,\"valueName\":\"search_term_string\"}}],\"inLanguage\":\"de\"}]}<\/script>\n<!-- \/ Yoast SEO plugin. -->","yoast_head_json":{"title":"FAQ","robots":{"index":"index","follow":"follow","max-snippet":"max-snippet:-1","max-image-preview":"max-image-preview:large","max-video-preview":"max-video-preview:-1"},"canonical":"https:\/\/www.panamhotel.fr\/de\/faq\/","og_locale":"de_DE","og_type":"article","og_title":"FAQ","og_description":"[vc_row type=&#8220;full_width_background&#8220; full_screen_row_position=&#8220;middle&#8220; equal_height=&#8220;yes&#8220; content_placement=&#8220;middle&#8220; bg_image=&#8220;771&#8243; bg_position=&#8220;center center&#8220; bg_repeat=&#8220;no-repeat&#8220; bg_color=&#8220;#ffffff&#8220; scene_position=&#8220;center&#8220; text_color=&#8220;light&#8220; text_align=&#8220;left&#8220; top_padding=&#8220;9%&#8220; bottom_padding=&#8220;9%&#8220; class=&#8220;title&#8220; enable_gradient=&#8220;true&#8220; color_overlay=&#8220;#0a0a0a&#8220; gradient_direction=&#8220;left_t_to_right_b&#8220; overlay_strength=&#8220;1&#8243; enable_shape_divider=&#8220;true&#8220; shape_divider_color=&#8220;#ffffff&#8220; shape_divider_position=&#8220;bottom&#8220; shape_divider_height=&#8220;250&#8243; shape_type=&#8220;tilt_alt&#8220;][vc_column column_padding=&#8220;no-extra-padding&#8220; column_padding_position=&#8220;all&#8220; background_color_opacity=&#8220;1&#8243; background_hover_color_opacity=&#8220;1&#8243; column_shadow=&#8220;none&#8220;...","og_url":"https:\/\/www.panamhotel.fr\/de\/faq\/","og_site_name":"Panam H\u00f4tel","article_publisher":"https:\/\/www.facebook.com\/panamhotel\/","article_modified_time":"2024-06-04T07:30:29+00:00","twitter_card":"summary_large_image","twitter_misc":{"Gesch\u00e4tzte Lesezeit":"3\u00a0Minuten"},"schema":{"@context":"https:\/\/schema.org","@graph":[{"@type":"WebPage","@id":"https:\/\/www.panamhotel.fr\/de\/faq\/","url":"https:\/\/www.panamhotel.fr\/de\/faq\/","name":"FAQ","isPartOf":{"@id":"https:\/\/www.panamhotel.fr\/#website"},"datePublished":"2019-03-29T08:59:44+00:00","dateModified":"2024-06-04T07:30:29+00:00","breadcrumb":{"@id":"https:\/\/www.panamhotel.fr\/de\/faq\/#breadcrumb"},"inLanguage":"de","potentialAction":[{"@type":"ReadAction","target":["https:\/\/www.panamhotel.fr\/de\/faq\/"]}]},{"@type":"BreadcrumbList","@id":"https:\/\/www.panamhotel.fr\/de\/faq\/#breadcrumb","itemListElement":[{"@type":"ListItem","position":1,"name":"Accueil","item":"https:\/\/www.panamhotel.fr\/de\/"},{"@type":"ListItem","position":2,"name":"FAQ"}]},{"@type":"WebSite","@id":"https:\/\/www.panamhotel.fr\/#website","url":"https:\/\/www.panamhotel.fr\/","name":"Panam H\u00f4tel","description":"H\u00f4tel 3 \u00e9toiles Paris","potentialAction":[{"@type":"SearchAction","target":{"@type":"EntryPoint","urlTemplate":"https:\/\/www.panamhotel.fr\/?s={search_term_string}"},"query-input":{"@type":"PropertyValueSpecification","valueRequired":true,"valueName":"search_term_string"}}],"inLanguage":"de"}]}},"_links":{"self":[{"href":"https:\/\/www.panamhotel.fr\/de\/wp-json\/wp\/v2\/pages\/807","targetHints":{"allow":["GET"]}}],"collection":[{"href":"https:\/\/www.panamhotel.fr\/de\/wp-json\/wp\/v2\/pages"}],"about":[{"href":"https:\/\/www.panamhotel.fr\/de\/wp-json\/wp\/v2\/types\/page"}],"author":[{"embeddable":true,"href":"https:\/\/www.panamhotel.fr\/de\/wp-json\/wp\/v2\/users\/1"}],"replies":[{"embeddable":true,"href":"https:\/\/www.panamhotel.fr\/de\/wp-json\/wp\/v2\/comments?post=807"}],"version-history":[{"count":5,"href":"https:\/\/www.panamhotel.fr\/de\/wp-json\/wp\/v2\/pages\/807\/revisions"}],"predecessor-version":[{"id":1303,"href":"https:\/\/www.panamhotel.fr\/de\/wp-json\/wp\/v2\/pages\/807\/revisions\/1303"}],"wp:attachment":[{"href":"https:\/\/www.panamhotel.fr\/de\/wp-json\/wp\/v2\/media?parent=807"}],"curies":[{"name":"wp","href":"https:\/\/api.w.org\/{rel}","templated":true}]}}