{"id":821,"date":"2019-03-29T10:50:12","date_gmt":"2019-03-29T09:50:12","guid":{"rendered":"http:\/\/panam.novae.website\/?page_id=821"},"modified":"2019-04-18T09:29:29","modified_gmt":"2019-04-18T07:29:29","slug":"situation","status":"publish","type":"page","link":"https:\/\/www.panamhotel.fr\/de\/situation\/","title":{"rendered":"Situation"},"content":{"rendered":"[vc_row type=&#8220;full_width_background&#8220; full_screen_row_position=&#8220;middle&#8220; equal_height=&#8220;yes&#8220; content_placement=&#8220;middle&#8220; bg_image=&#8220;771&#8243; bg_position=&#8220;center center&#8220; bg_repeat=&#8220;no-repeat&#8220; full_height=&#8220;yes&#8220; bg_color=&#8220;#ffffff&#8220; scene_position=&#8220;center&#8220; text_color=&#8220;light&#8220; text_align=&#8220;left&#8220; enable_gradient=&#8220;true&#8220; color_overlay=&#8220;#0a0a0a&#8220; gradient_direction=&#8220;left_t_to_right_b&#8220; overlay_strength=&#8220;1&#8243; enable_shape_divider=&#8220;true&#8220; shape_divider_color=&#8220;#ffffff&#8220; shape_divider_position=&#8220;bottom&#8220; shape_divider_height=&#8220;250&#8243; shape_type=&#8220;tilt_alt&#8220;][vc_column column_padding=&#8220;no-extra-padding&#8220; column_padding_position=&#8220;all&#8220; background_color_opacity=&#8220;1&#8243; background_hover_color_opacity=&#8220;1&#8243; column_shadow=&#8220;none&#8220; column_border_radius=&#8220;none&#8220; width=&#8220;1\/1&#8243; tablet_text_alignment=&#8220;default&#8220; phone_text_alignment=&#8220;default&#8220; column_border_width=&#8220;none&#8220; column_border_style=&#8220;solid&#8220;][nectar_animated_title heading_tag=&#8220;h1&#8243; style=&#8220;color-strip-reveal&#8220; color=&#8220;Accent-Color&#8220; text=&#8220;SITUATION&#8220;]<div class=\"divider-wrap\"><div style=\"height: 50px;\" class=\"divider\"><\/div><\/div>[vc_row_inner column_margin=&#8220;default&#8220; text_align=&#8220;left&#8220;][vc_column_inner column_padding=&#8220;no-extra-padding&#8220; column_padding_position=&#8220;all&#8220; background_color_opacity=&#8220;1&#8243; background_hover_color_opacity=&#8220;1&#8243; column_shadow=&#8220;none&#8220; column_border_radius=&#8220;none&#8220; width=&#8220;2\/4&#8243; column_border_width=&#8220;none&#8220; column_border_style=&#8220;solid&#8220;][vc_column_text]\n<h2>In Paris, in der N\u00e4he des ber\u00fchmten Friedhofs P\u00e8re-Lachaise<\/h2>\n<p style=\"text-align: justify;\">Das <strong>Panam Hotel in Paris<\/strong> liegt mitten im Stadtzentrum, im 20. Arrondissement, einer belebten und belebten Gegend mit vielen Caf\u00e9s, Restaurants und Gesch\u00e4ften.<\/p>\n[\/vc_column_text][\/vc_column_inner][vc_column_inner column_padding=&#8220;no-extra-padding&#8220; column_padding_position=&#8220;all&#8220; background_color_opacity=&#8220;1&#8243; background_hover_color_opacity=&#8220;1&#8243; column_shadow=&#8220;none&#8220; column_border_radius=&#8220;none&#8220; width=&#8220;1\/4&#8243; column_border_width=&#8220;none&#8220; column_border_style=&#8220;solid&#8220;][vc_column_text]\n<h2>Adresse<\/h2>\n<p>208, Rue des Pyr\u00e9n\u00e9es 75020, Paris, France[\/vc_column_text][\/vc_column_inner][vc_column_inner column_padding=&#8220;no-extra-padding&#8220; column_padding_position=&#8220;all&#8220; background_color_opacity=&#8220;1&#8243; background_hover_color_opacity=&#8220;1&#8243; column_shadow=&#8220;none&#8220; column_border_radius=&#8220;none&#8220; width=&#8220;1\/4&#8243; column_border_width=&#8220;none&#8220; column_border_style=&#8220;solid&#8220;][vc_column_text]\n<h2>GPS-Koordinaten<\/h2>\n<p>Latitude: 48\u00b0 51\u2032 55.43\u201d N Longitude: 2\u00b0 23\u2032 53.71\u201d E[\/vc_column_text][\/vc_column_inner][\/vc_row_inner][\/vc_column][\/vc_row][vc_row type=&#8220;in_container&#8220; full_screen_row_position=&#8220;middle&#8220; scene_position=&#8220;center&#8220; text_color=&#8220;dark&#8220; text_align=&#8220;left&#8220; id=&#8220;carte&#8220; overlay_strength=&#8220;0.3&#8243; shape_divider_position=&#8220;bottom&#8220; shape_type=&#8220;&#8220;][vc_column column_padding=&#8220;no-extra-padding&#8220; column_padding_position=&#8220;all&#8220; background_color_opacity=&#8220;1&#8243; background_hover_color_opacity=&#8220;1&#8243; column_shadow=&#8220;none&#8220; column_border_radius=&#8220;none&#8220; width=&#8220;1\/1&#8243; tablet_text_alignment=&#8220;default&#8220; phone_text_alignment=&#8220;default&#8220; column_border_width=&#8220;none&#8220; column_border_style=&#8220;solid&#8220;][vc_custom_heading text=&#8220;Karte von Paris&#8220; font_container=&#8220;tag:h2|font_size:45|text_align:right|color:%234f4f4f|line_height:70px&#8220; use_theme_fonts=&#8220;yes&#8220; css=&#8220;.vc_custom_1553852774741{margin-bottom: 75px !important;}&#8220;][vc_row_inner column_margin=&#8220;default&#8220; text_align=&#8220;left&#8220;][vc_column_inner column_padding=&#8220;padding-2-percent&#8220; column_padding_position=&#8220;all&#8220; background_color=&#8220;#f2be30&#8243; background_color_opacity=&#8220;1&#8243; background_hover_color_opacity=&#8220;1&#8243; font_color=&#8220;#ffffff&#8220; column_shadow=&#8220;none&#8220; column_border_radius=&#8220;none&#8220; width=&#8220;1\/4&#8243; column_border_width=&#8220;none&#8220; column_border_style=&#8220;solid&#8220;][nectar_icon icon_family=&#8220;linea&#8220; enable_animation=&#8220;true&#8220; animation_speed=&#8220;slow&#8220; icon_style=&#8220;default&#8220; icon_color=&#8220;white&#8220; icon_padding=&#8220;0px&#8220; icon_linea=&#8220;icon-basic-signs&#8220; animation_delay=&#8220;100&#8243;][vc_column_text]\n<h2>Orte von Interesse in der N\u00e4he<\/h2>\n<ul>\n<li>Nationaltheater Malta Street &#8211; 170 m<\/li>\n<li>Tenon Krankenhaus &#8211; 270 m<\/li>\n<li>P\u00e8re Lachaise Friedhof &#8211; 250 m<\/li>\n<li>Georges-Vallerey Schwimmbad &#8211; 1.4km<\/li>\n<li>Lilas Gate &#8211; 1,5 km entfernt<\/li>\n<li>Bastille &#8211; 2,9 km entfernt<\/li>\n<li>Opernhaus &#8211; 5,6 km<\/li>\n<li>Platz der Republik &#8211; 9 km<\/li>\n<\/ul>\n[\/vc_column_text][\/vc_column_inner][vc_column_inner column_padding=&#8220;no-extra-padding&#8220; column_padding_position=&#8220;all&#8220; background_color_opacity=&#8220;1&#8243; background_hover_color_opacity=&#8220;1&#8243; column_shadow=&#8220;none&#8220; column_border_radius=&#8220;none&#8220; width=&#8220;3\/4&#8243; column_border_width=&#8220;none&#8220; column_border_style=&#8220;solid&#8220;][vc_raw_html el_class=&#8220;shadow&#8220;]JTNDaWZyYW1lJTIwc3JjJTNEJTIyaHR0cHMlM0ElMkYlMkZ3d3cuZ29vZ2xlLmNvbSUyRm1hcHMlMkZlbWJlZCUzRnBiJTNEJTIxMW0xNCUyMTFtOCUyMTFtMyUyMTFkMTA0OTguNDg4OTMzMjg3OTg3JTIxMmQyLjM5ODMwMjklMjEzZDQ4Ljg2NTQxMzYlMjEzbTIlMjExaTEwMjQlMjEyaTc2OCUyMTRmMTMuMSUyMTNtMyUyMTFtMiUyMTFzMHgwJTI1M0EweDMyM2IzM2RjZGNhNzk0ZjMlMjEyc3BhbmFtJTJCaG90ZWwlMjE1ZTAlMjEzbTIlMjExc2ZyJTIxMnNmciUyMTR2MTU1MzYyMzQ3Njg1NCUyMiUyMHdpZHRoJTNEJTIyMTQwMCUyMiUyMGhlaWdodCUzRCUyMjQ0MCUyMiUyMGZyYW1lYm9yZGVyJTNEJTIyMCUyMiUyMHN0eWxlJTNEJTIyYm9yZGVyJTNBMCUyMiUyMGFsbG93ZnVsbHNjcmVlbiUzRSUzQyUyRmlmcmFtZSUzRQ==[\/vc_raw_html][\/vc_column_inner][\/vc_row_inner][vc_row_inner column_margin=&#8220;default&#8220; top_padding=&#8220;2%&#8220; text_align=&#8220;left&#8220;][vc_column_inner column_padding=&#8220;padding-1-percent&#8220; column_padding_position=&#8220;all&#8220; background_color_opacity=&#8220;1&#8243; background_hover_color_opacity=&#8220;1&#8243; column_shadow=&#8220;none&#8220; column_border_radius=&#8220;none&#8220; width=&#8220;1\/1&#8243; column_border_width=&#8220;none&#8220; column_border_style=&#8220;solid&#8220;][vc_column_text]\n<p style=\"text-align: justify;\">Nur 200 Meter vom Hotel entfernt k\u00f6nnen Sie den ber\u00fchmten\u00a0<strong>Friedhof P\u00e8re-Lachaise<\/strong>\u00a0besichtigen. Dank unserer privilegierten Lage k\u00f6nnen Sie\u00a0<strong>Paris<\/strong> mit den vielen Verkehrsmitteln in der N\u00e4he des Hotels leicht erreichen.<\/p>\n<p style=\"text-align: justify;\">Sie finden eine Metrostation am Ausgang des Hotels (Gambetta): in 5 Minuten erreichen Sie den <strong>Place de la R\u00e9publique<\/strong>\u00a0und in nur 15, am\u00a0<strong>Place de l&#8217;Op\u00e9ra<\/strong>\u00a0und den Kaufh\u00e4usern (Galeries Lafayette, Printemps ), sowie Luxusboutiquen in der Rue de la Paix und Place Vend\u00f4me. In 20 Minuten erreichen Sie auch die &#8222;sch\u00f6nste Allee der Welt&#8220;:\u00a0<strong>die Champs Elysees<\/strong>\u00a0.<\/p>\n<p><strong>Das Villepinte Exhibition Centre<\/strong>\u00a0, die Vergn\u00fcgungsparks\u00a0<strong>Disneyland Paris<\/strong>\u00a0und\u00a0<strong>Ast\u00e9rix<\/strong>\u00a0sowie der Flughafen Roissy-Charles de Gaulle sind ebenfalls bequem von unserem Hotel aus erreichbar.<\/p>\n[\/vc_column_text][\/vc_column_inner][\/vc_row_inner][vc_column_text]\n<h2>\u00d6ffentliche Verkehrsmittel<\/h2>\n[\/vc_column_text]<div class=\"toggles accordion\" data-style=\"default\"><div class=\"toggle accent-color\"><h3><a href=\"#\"><i class=\"icon-plus-sign\"><\/i>Place Gambetta (50 meter vom hotel entfernt)<\/a><\/h3><div>[vc_column_text]\n<ul>\n<li>Gambetta Metro: Linien 3 und 3bis<\/li>\n<li>Taxi stoppen<\/li>\n<li>V\u00e9lib Station<\/li>\n<li>Bus:\n<ul>\n<li>Nr. 26: direkter Zugang zu den Bahnh\u00f6fen Gare du Nord, Gare de l&#8217;Est und Saint-Lazare<\/li>\n<li>Nr. 61: direkter Zugang zu den Bahnh\u00f6fen Austerlitz und Gare de Lyon<\/li>\n<li>Nr. 60: Butte Montmartre (Sacr\u00e9 Coeur und Place du Tertre)<\/li>\n<li>Nr. 64: direkter Zugang zur Fran\u00e7ois-Mitterrand-Bibliothek<\/li>\n<li>Nr. 69: Diese Reiseroute l\u00e4dt Sie ein, das Zentrum von Paris zu entdecken, beginnend mit dem Viertel Bastille, Saint-Paul und Marais, dann den Place de l&#8217;H\u00f4tel de Ville, das Louvre Museum und das Museum d&#8217;Orsay, Les Invalides, der Champ de Mars, um auf dem Gral zu enden: Der Eiffelturm.<\/li>\n<li>Nr. 352: direkt zum Flughafen Roissy Charles de Gaulle<\/li>\n<\/ul>\n<\/li>\n<\/ul>\n[\/vc_column_text]<\/div><\/div><div class=\"toggle default\"><h3><a href=\"#\"><i class=\"icon-plus-sign\"><\/i>Zug<\/a><\/h3><div>[vc_column_text]\n<div class=\"panel panel-default\">\n<div id=\"collapseTwo\" class=\"panel-collapse collapse in\" aria-expanded=\"true\">\n<div class=\"panel-body\">\n<p>Gare du Nord in 4,5 km Entfernung<\/p>\n<\/div>\n<\/div>\n<\/div>\n<div class=\"panel panel-default\"><\/div>\n[\/vc_column_text]<\/div><\/div><div class=\"toggle accent-color\"><h3><a href=\"#\"><i class=\"icon-plus-sign\"><\/i>Flugzeug<\/a><\/h3><div>[vc_column_text]Flughafen Charles de Gaulle &#8211; 20 km<\/p>\n<p>Der Flughafen Paris-Orly ist 20,5 km entfernt[\/vc_column_text]<\/div><\/div><div class=\"toggle accent-color\"><h3><a href=\"#\"><i class=\"icon-plus-sign\"><\/i>Auto<\/a><\/h3><div>[vc_column_text]\n<p style=\"text-align: justify;\">Wenn Sie mit dem Auto anreisen, ist das Super Hotel 2 Minuten vom Interchange Paris-Est entfernt, der mit der Autobahn A3 und der Umgehungsstra\u00dfe verbunden ist. Die Autobahnen A1, A4, A6, A13 und A 104 erreichen Sie in weniger als 20 Minuten.<\/p>\n[\/vc_column_text]<\/div><\/div><\/div>[\/vc_column][\/vc_row]\n","protected":false},"excerpt":{"rendered":"<p>[vc_row type=&#8220;full_width_background&#8220; full_screen_row_position=&#8220;middle&#8220; equal_height=&#8220;yes&#8220; content_placement=&#8220;middle&#8220; bg_image=&#8220;771&#8243; bg_position=&#8220;center center&#8220; bg_repeat=&#8220;no-repeat&#8220; full_height=&#8220;yes&#8220; bg_color=&#8220;#ffffff&#8220; scene_position=&#8220;center&#8220; text_color=&#8220;light&#8220; text_align=&#8220;left&#8220; enable_gradient=&#8220;true&#8220; color_overlay=&#8220;#0a0a0a&#8220; gradient_direction=&#8220;left_t_to_right_b&#8220; overlay_strength=&#8220;1&#8243; enable_shape_divider=&#8220;true&#8220; shape_divider_color=&#8220;#ffffff&#8220; shape_divider_position=&#8220;bottom&#8220; shape_divider_height=&#8220;250&#8243; shape_type=&#8220;tilt_alt&#8220;][vc_column column_padding=&#8220;no-extra-padding&#8220; column_padding_position=&#8220;all&#8220; background_color_opacity=&#8220;1&#8243; background_hover_color_opacity=&#8220;1&#8243; column_shadow=&#8220;none&#8220; column_border_radius=&#8220;none&#8220; width=&#8220;1\/1&#8243;&#8230;<\/p>\n","protected":false},"author":1,"featured_media":0,"parent":0,"menu_order":0,"comment_status":"closed","ping_status":"closed","template":"","meta":{"footnotes":""},"class_list":["post-821","page","type-page","status-publish"],"yoast_head":"<!-- This site is optimized with the Yoast SEO plugin v24.4 - https:\/\/yoast.com\/wordpress\/plugins\/seo\/ -->\n<title>Situation<\/title>\n<meta name=\"robots\" content=\"index, follow, max-snippet:-1, max-image-preview:large, max-video-preview:-1\" \/>\n<link rel=\"canonical\" href=\"https:\/\/www.panamhotel.fr\/de\/situation\/\" \/>\n<meta property=\"og:locale\" content=\"de_DE\" \/>\n<meta property=\"og:type\" content=\"article\" \/>\n<meta property=\"og:title\" content=\"Situation\" \/>\n<meta property=\"og:description\" content=\"[vc_row type=&#8220;full_width_background&#8220; full_screen_row_position=&#8220;middle&#8220; equal_height=&#8220;yes&#8220; content_placement=&#8220;middle&#8220; bg_image=&#8220;771&#8243; bg_position=&#8220;center center&#8220; bg_repeat=&#8220;no-repeat&#8220; full_height=&#8220;yes&#8220; bg_color=&#8220;#ffffff&#8220; scene_position=&#8220;center&#8220; text_color=&#8220;light&#8220; text_align=&#8220;left&#8220; enable_gradient=&#8220;true&#8220; color_overlay=&#8220;#0a0a0a&#8220; gradient_direction=&#8220;left_t_to_right_b&#8220; overlay_strength=&#8220;1&#8243; enable_shape_divider=&#8220;true&#8220; shape_divider_color=&#8220;#ffffff&#8220; shape_divider_position=&#8220;bottom&#8220; shape_divider_height=&#8220;250&#8243; shape_type=&#8220;tilt_alt&#8220;][vc_column column_padding=&#8220;no-extra-padding&#8220; column_padding_position=&#8220;all&#8220; background_color_opacity=&#8220;1&#8243; background_hover_color_opacity=&#8220;1&#8243; column_shadow=&#8220;none&#8220; column_border_radius=&#8220;none&#8220; width=&#8220;1\/1&#8243;...\" \/>\n<meta property=\"og:url\" content=\"https:\/\/www.panamhotel.fr\/de\/situation\/\" \/>\n<meta property=\"og:site_name\" content=\"Panam H\u00f4tel\" \/>\n<meta property=\"article:publisher\" content=\"https:\/\/www.facebook.com\/panamhotel\/\" \/>\n<meta property=\"article:modified_time\" content=\"2019-04-18T07:29:29+00:00\" \/>\n<meta name=\"twitter:card\" content=\"summary_large_image\" \/>\n<meta name=\"twitter:label1\" content=\"Gesch\u00e4tzte Lesezeit\" \/>\n\t<meta name=\"twitter:data1\" content=\"5\u00a0Minuten\" \/>\n<script type=\"application\/ld+json\" class=\"yoast-schema-graph\">{\"@context\":\"https:\/\/schema.org\",\"@graph\":[{\"@type\":\"WebPage\",\"@id\":\"https:\/\/www.panamhotel.fr\/de\/situation\/\",\"url\":\"https:\/\/www.panamhotel.fr\/de\/situation\/\",\"name\":\"Situation\",\"isPartOf\":{\"@id\":\"https:\/\/www.panamhotel.fr\/#website\"},\"datePublished\":\"2019-03-29T09:50:12+00:00\",\"dateModified\":\"2019-04-18T07:29:29+00:00\",\"breadcrumb\":{\"@id\":\"https:\/\/www.panamhotel.fr\/de\/situation\/#breadcrumb\"},\"inLanguage\":\"de\",\"potentialAction\":[{\"@type\":\"ReadAction\",\"target\":[\"https:\/\/www.panamhotel.fr\/de\/situation\/\"]}]},{\"@type\":\"BreadcrumbList\",\"@id\":\"https:\/\/www.panamhotel.fr\/de\/situation\/#breadcrumb\",\"itemListElement\":[{\"@type\":\"ListItem\",\"position\":1,\"name\":\"Accueil\",\"item\":\"https:\/\/www.panamhotel.fr\/de\/\"},{\"@type\":\"ListItem\",\"position\":2,\"name\":\"Situation\"}]},{\"@type\":\"WebSite\",\"@id\":\"https:\/\/www.panamhotel.fr\/#website\",\"url\":\"https:\/\/www.panamhotel.fr\/\",\"name\":\"Panam H\u00f4tel\",\"description\":\"H\u00f4tel 3 \u00e9toiles Paris\",\"potentialAction\":[{\"@type\":\"SearchAction\",\"target\":{\"@type\":\"EntryPoint\",\"urlTemplate\":\"https:\/\/www.panamhotel.fr\/?s={search_term_string}\"},\"query-input\":{\"@type\":\"PropertyValueSpecification\",\"valueRequired\":true,\"valueName\":\"search_term_string\"}}],\"inLanguage\":\"de\"}]}<\/script>\n<!-- \/ Yoast SEO plugin. -->","yoast_head_json":{"title":"Situation","robots":{"index":"index","follow":"follow","max-snippet":"max-snippet:-1","max-image-preview":"max-image-preview:large","max-video-preview":"max-video-preview:-1"},"canonical":"https:\/\/www.panamhotel.fr\/de\/situation\/","og_locale":"de_DE","og_type":"article","og_title":"Situation","og_description":"[vc_row type=&#8220;full_width_background&#8220; full_screen_row_position=&#8220;middle&#8220; equal_height=&#8220;yes&#8220; content_placement=&#8220;middle&#8220; bg_image=&#8220;771&#8243; bg_position=&#8220;center center&#8220; bg_repeat=&#8220;no-repeat&#8220; full_height=&#8220;yes&#8220; bg_color=&#8220;#ffffff&#8220; scene_position=&#8220;center&#8220; text_color=&#8220;light&#8220; text_align=&#8220;left&#8220; enable_gradient=&#8220;true&#8220; color_overlay=&#8220;#0a0a0a&#8220; gradient_direction=&#8220;left_t_to_right_b&#8220; overlay_strength=&#8220;1&#8243; enable_shape_divider=&#8220;true&#8220; shape_divider_color=&#8220;#ffffff&#8220; shape_divider_position=&#8220;bottom&#8220; shape_divider_height=&#8220;250&#8243; shape_type=&#8220;tilt_alt&#8220;][vc_column column_padding=&#8220;no-extra-padding&#8220; column_padding_position=&#8220;all&#8220; background_color_opacity=&#8220;1&#8243; background_hover_color_opacity=&#8220;1&#8243; column_shadow=&#8220;none&#8220; column_border_radius=&#8220;none&#8220; width=&#8220;1\/1&#8243;...","og_url":"https:\/\/www.panamhotel.fr\/de\/situation\/","og_site_name":"Panam H\u00f4tel","article_publisher":"https:\/\/www.facebook.com\/panamhotel\/","article_modified_time":"2019-04-18T07:29:29+00:00","twitter_card":"summary_large_image","twitter_misc":{"Gesch\u00e4tzte Lesezeit":"5\u00a0Minuten"},"schema":{"@context":"https:\/\/schema.org","@graph":[{"@type":"WebPage","@id":"https:\/\/www.panamhotel.fr\/de\/situation\/","url":"https:\/\/www.panamhotel.fr\/de\/situation\/","name":"Situation","isPartOf":{"@id":"https:\/\/www.panamhotel.fr\/#website"},"datePublished":"2019-03-29T09:50:12+00:00","dateModified":"2019-04-18T07:29:29+00:00","breadcrumb":{"@id":"https:\/\/www.panamhotel.fr\/de\/situation\/#breadcrumb"},"inLanguage":"de","potentialAction":[{"@type":"ReadAction","target":["https:\/\/www.panamhotel.fr\/de\/situation\/"]}]},{"@type":"BreadcrumbList","@id":"https:\/\/www.panamhotel.fr\/de\/situation\/#breadcrumb","itemListElement":[{"@type":"ListItem","position":1,"name":"Accueil","item":"https:\/\/www.panamhotel.fr\/de\/"},{"@type":"ListItem","position":2,"name":"Situation"}]},{"@type":"WebSite","@id":"https:\/\/www.panamhotel.fr\/#website","url":"https:\/\/www.panamhotel.fr\/","name":"Panam H\u00f4tel","description":"H\u00f4tel 3 \u00e9toiles Paris","potentialAction":[{"@type":"SearchAction","target":{"@type":"EntryPoint","urlTemplate":"https:\/\/www.panamhotel.fr\/?s={search_term_string}"},"query-input":{"@type":"PropertyValueSpecification","valueRequired":true,"valueName":"search_term_string"}}],"inLanguage":"de"}]}},"_links":{"self":[{"href":"https:\/\/www.panamhotel.fr\/de\/wp-json\/wp\/v2\/pages\/821","targetHints":{"allow":["GET"]}}],"collection":[{"href":"https:\/\/www.panamhotel.fr\/de\/wp-json\/wp\/v2\/pages"}],"about":[{"href":"https:\/\/www.panamhotel.fr\/de\/wp-json\/wp\/v2\/types\/page"}],"author":[{"embeddable":true,"href":"https:\/\/www.panamhotel.fr\/de\/wp-json\/wp\/v2\/users\/1"}],"replies":[{"embeddable":true,"href":"https:\/\/www.panamhotel.fr\/de\/wp-json\/wp\/v2\/comments?post=821"}],"version-history":[{"count":2,"href":"https:\/\/www.panamhotel.fr\/de\/wp-json\/wp\/v2\/pages\/821\/revisions"}],"predecessor-version":[{"id":823,"href":"https:\/\/www.panamhotel.fr\/de\/wp-json\/wp\/v2\/pages\/821\/revisions\/823"}],"wp:attachment":[{"href":"https:\/\/www.panamhotel.fr\/de\/wp-json\/wp\/v2\/media?parent=821"}],"curies":[{"name":"wp","href":"https:\/\/api.w.org\/{rel}","templated":true}]}}