{"id":824,"date":"2019-03-29T10:56:39","date_gmt":"2019-03-29T09:56:39","guid":{"rendered":"http:\/\/panam.novae.website\/?page_id=824"},"modified":"2019-04-18T09:24:35","modified_gmt":"2019-04-18T07:24:35","slug":"tourismus","status":"publish","type":"page","link":"https:\/\/www.panamhotel.fr\/de\/tourismus\/","title":{"rendered":"Tourismus"},"content":{"rendered":"[vc_row type=&#8220;full_width_background&#8220; full_screen_row_position=&#8220;middle&#8220; equal_height=&#8220;yes&#8220; content_placement=&#8220;middle&#8220; bg_image=&#8220;766&#8243; bg_position=&#8220;center center&#8220; bg_repeat=&#8220;no-repeat&#8220; bg_color=&#8220;#ffffff&#8220; scene_position=&#8220;center&#8220; text_color=&#8220;light&#8220; text_align=&#8220;left&#8220; top_padding=&#8220;9%&#8220; bottom_padding=&#8220;9%&#8220; class=&#8220;title&#8220; enable_gradient=&#8220;true&#8220; color_overlay=&#8220;#0a0a0a&#8220; gradient_direction=&#8220;left_t_to_right_b&#8220; overlay_strength=&#8220;1&#8243; enable_shape_divider=&#8220;true&#8220; shape_divider_color=&#8220;#ffffff&#8220; shape_divider_position=&#8220;bottom&#8220; shape_divider_height=&#8220;250&#8243; shape_type=&#8220;tilt_alt&#8220;][vc_column column_padding=&#8220;no-extra-padding&#8220; column_padding_position=&#8220;all&#8220; background_color_opacity=&#8220;1&#8243; background_hover_color_opacity=&#8220;1&#8243; column_shadow=&#8220;none&#8220; column_border_radius=&#8220;none&#8220; width=&#8220;1\/1&#8243; tablet_text_alignment=&#8220;default&#8220; phone_text_alignment=&#8220;default&#8220; column_border_width=&#8220;none&#8220; column_border_style=&#8220;solid&#8220;][nectar_animated_title heading_tag=&#8220;h1&#8243; style=&#8220;color-strip-reveal&#8220; color=&#8220;Accent-Color&#8220; text=&#8220;TOURISMUS&#8220;]<div class=\"divider-wrap\"><div style=\"height: 50px;\" class=\"divider\"><\/div><\/div>[\/vc_column][\/vc_row][vc_row type=&#8220;in_container&#8220; full_screen_row_position=&#8220;middle&#8220; scene_position=&#8220;center&#8220; text_color=&#8220;dark&#8220; text_align=&#8220;left&#8220; id=&#8220;quest&#8220; overlay_strength=&#8220;0.3&#8243; shape_divider_position=&#8220;bottom&#8220; shape_type=&#8220;&#8220;][vc_column column_padding=&#8220;no-extra-padding&#8220; column_padding_position=&#8220;all&#8220; background_color_opacity=&#8220;1&#8243; background_hover_color_opacity=&#8220;1&#8243; column_shadow=&#8220;none&#8220; column_border_radius=&#8220;none&#8220; width=&#8220;1\/1&#8243; tablet_text_alignment=&#8220;default&#8220; phone_text_alignment=&#8220;default&#8220; column_border_width=&#8220;none&#8220; column_border_style=&#8220;solid&#8220;][vc_custom_heading text=&#8220;Tourismus in Paris&#8220; font_container=&#8220;tag:h2|font_size:45|text_align:right|color:%234f4f4f|line_height:70px&#8220; use_theme_fonts=&#8220;yes&#8220; css=&#8220;.vc_custom_1553853093305{margin-bottom: 75px !important;}&#8220;][vc_column_text]\n<p style=\"text-align: justify;\">Die &#8222;Stadt des Lichts&#8220; bietet eine Unzahl von Kultur- und Freizeitattraktionen, so dass es einfach ist, aus einer solchen Vielfalt zu w\u00e4hlen. Einige Sehensw\u00fcrdigkeiten sind jedoch emblematisch und besonders f\u00fcr Sightseeing-Touren in Paris zu empfehlen. Wir haben einen kleinen Leitfaden f\u00fcr &#8222;10 essentielle Besuche&#8220; vorbereitet.<\/p>\n[\/vc_column_text]<div class=\"toggles accordion\" data-style=\"default\"><div class=\"toggle accent-color\"><h3><a href=\"#\"><i class=\"icon-plus-sign\"><\/i>Der Eiffelturm<\/a><\/h3><div>[vc_column_text]\n<p style=\"text-align: justify;\">Sie wurde 1889 f\u00fcr die Weltausstellung eingeweiht und ist seitdem zur Ikone von Paris geworden. Sie war Finalistin des Wettbewerbs der 7 Neuen Weltwunder.<\/p>\n[\/vc_column_text]<\/div><\/div><div class=\"toggle accent-color\"><h3><a href=\"#\"><i class=\"icon-plus-sign\"><\/i>Die Champs Elysees<\/a><\/h3><div>[vc_column_text]\n<p style=\"text-align: justify;\">Die Champs Elys\u00e9es, die sich vom Arc de Triomphe bis zum Place de la Concorde erstrecken. Die ber\u00fchmteste Allee der Welt befindet sich etwas mehr als 2 km vom historischen Guillotine-Platz entfernt, der dem Triumphbogen Napoleons in der Schlacht bei Austerlitz im Jahre 1805 gewidmet ist.<\/p>\n[\/vc_column_text]<\/div><\/div><div class=\"toggle accent-color\"><h3><a href=\"#\"><i class=\"icon-plus-sign\"><\/i>Notre Dame<\/a><\/h3><div>[vc_column_text]\n<div class=\"panel panel-default\">\n<div id=\"collapseThree\" class=\"panel-collapse collapse in\" aria-expanded=\"true\">\n<div class=\"panel-body\">\n<p>Die gotische Kathedrale Notre Dame ist eine der \u00e4ltesten und sch\u00f6nsten der Welt. Umgeben von der Seine ist es seit 1245 Zeuge der Pariser Geschichte. Von dort folgt der Roman von Victor Hugo, der den buckligen Quasimodo ber\u00fchmt machte.<\/p>\n<\/div>\n<\/div>\n<\/div>\n[\/vc_column_text]<\/div><\/div><div class=\"toggle accent-color\"><h3><a href=\"#\"><i class=\"icon-plus-sign\"><\/i>Der Montmartre-Bezirk<\/a><\/h3><div>[vc_column_text]\n<p style=\"text-align: justify;\">Das Viertel Montmartre, vom Moulin Rouge bis zur Basilika Sacr\u00e9-Coeur. Dieses Gebiet war im 19. Jahrhundert die Wiege der Pariser Boh\u00e8me. Am Fu\u00dfe des H\u00fcgels befindet sich das ber\u00fchmte Cabaret des Moulin Rouge und oben die beeindruckende Basilika des Heiligen Herzens. Der Fahrt, mit seinen denkw\u00fcrdigen Ansichten von der Butte, verdient besondere Aufmerksamkeit.<\/p>\n[\/vc_column_text]<\/div><\/div><div class=\"toggle accent-color\"><h3><a href=\"#\"><i class=\"icon-plus-sign\"><\/i>Der Invalidendom<\/a><\/h3><div>[vc_column_text]\n<p style=\"text-align: justify;\">\u00a0Das architektonische Ensemble des Invalides beherbergt unter anderem das Armeemuseum, die Ecole Militaire, das H\u00f4tel des Invalides und den Sarkophag von Napoleon Bonaparte.<\/p>\n[\/vc_column_text]<\/div><\/div><div class=\"toggle accent-color\"><h3><a href=\"#\"><i class=\"icon-plus-sign\"><\/i>Das Quartier Latin<\/a><\/h3><div>[vc_column_text]\n<p style=\"text-align: justify;\">Das Quartier Latin, einschlie\u00dflich des Pantheons und der G\u00e4rten des Palais du Luxembourg verdienen besondere Aufmerksamkeit. Historisches Viertel, dessen Name von Studenten der Sorbonne stammt, die im Mittelalter Latein sprachen.<\/p>\n[\/vc_column_text]<\/div><\/div><div class=\"toggle accent-color\"><h3><a href=\"#\"><i class=\"icon-plus-sign\"><\/i>Die Sainte Chapelle<\/a><\/h3><div>[vc_column_text]\n<p style=\"text-align: justify;\">Auf der \u00cele de la Cit\u00e9 gelegen, gilt die Sainte-Chapelle als eines der Meisterwerke der Gotik. St. Louis befahl seinen Bau im Jahr 1248, um verschiedene Reliquien zu halten.<\/p>\n[\/vc_column_text]<\/div><\/div><div class=\"toggle accent-color\"><h3><a href=\"#\"><i class=\"icon-plus-sign\"><\/i>Das Louvre-Museum<\/a><\/h3><div>[vc_column_text]\n<p style=\"text-align: justify;\">Ohne Zweifel das wichtigste Museum der Welt. Sein detaillierter Besuch erfordert mehr als einen Tag, aber wenn Sie nur eine kurze Zeit haben, ist es interessant, sein ber\u00fchmtes Kunstwerk zu sehen: Leonardo da Vincis Mona Lisa?<\/p>\n[\/vc_column_text]<\/div><\/div><div class=\"toggle accent-color\"><h3><a href=\"#\"><i class=\"icon-plus-sign\"><\/i>Der Place de la Bastille<\/a><\/h3><div>[vc_column_text]\n<p style=\"text-align: justify;\">Ort von gro\u00dfer historischer Bedeutung, der zum Hauptsymbol der Franz\u00f6sischen Revolution wurde.<\/p>\n[\/vc_column_text]<\/div><\/div><div class=\"toggle accent-color\"><h3><a href=\"#\"><i class=\"icon-plus-sign\"><\/i>Vater-Lachaise-Friedhof<\/a><\/h3><div>[vc_column_text]\n<p style=\"text-align: justify;\">Dies mag wie ein alternativer Besuch erscheinen, aber sicher ist, dass dieser riesige Friedhof jedes Jahr mehr als 2 Millionen Touristen begr\u00fc\u00dft. Unter den mehr als 70.000 Gr\u00e4bern finden Sie Pers\u00f6nlichkeiten wie Oscar Wilde, Marcel Proust, Edith Piaf, Jim Morrison, Chopin, Albert Camus oder Balzac.<\/p>\n[\/vc_column_text]<\/div><\/div><\/div>[\/vc_column][\/vc_row]\n","protected":false},"excerpt":{"rendered":"<p>[vc_row type=&#8220;full_width_background&#8220; full_screen_row_position=&#8220;middle&#8220; equal_height=&#8220;yes&#8220; content_placement=&#8220;middle&#8220; bg_image=&#8220;766&#8243; bg_position=&#8220;center center&#8220; bg_repeat=&#8220;no-repeat&#8220; bg_color=&#8220;#ffffff&#8220; scene_position=&#8220;center&#8220; text_color=&#8220;light&#8220; text_align=&#8220;left&#8220; top_padding=&#8220;9%&#8220; bottom_padding=&#8220;9%&#8220; class=&#8220;title&#8220; enable_gradient=&#8220;true&#8220; color_overlay=&#8220;#0a0a0a&#8220; gradient_direction=&#8220;left_t_to_right_b&#8220; overlay_strength=&#8220;1&#8243; enable_shape_divider=&#8220;true&#8220; shape_divider_color=&#8220;#ffffff&#8220; shape_divider_position=&#8220;bottom&#8220; shape_divider_height=&#8220;250&#8243; shape_type=&#8220;tilt_alt&#8220;][vc_column column_padding=&#8220;no-extra-padding&#8220; column_padding_position=&#8220;all&#8220; background_color_opacity=&#8220;1&#8243; background_hover_color_opacity=&#8220;1&#8243; column_shadow=&#8220;none&#8220;&#8230;<\/p>\n","protected":false},"author":1,"featured_media":0,"parent":0,"menu_order":0,"comment_status":"closed","ping_status":"closed","template":"","meta":{"footnotes":""},"class_list":["post-824","page","type-page","status-publish"],"yoast_head":"<!-- This site is optimized with the Yoast SEO plugin v24.4 - https:\/\/yoast.com\/wordpress\/plugins\/seo\/ -->\n<title>Tourismus<\/title>\n<meta name=\"robots\" content=\"index, follow, max-snippet:-1, max-image-preview:large, max-video-preview:-1\" \/>\n<link rel=\"canonical\" href=\"https:\/\/www.panamhotel.fr\/de\/tourismus\/\" \/>\n<meta property=\"og:locale\" content=\"de_DE\" \/>\n<meta property=\"og:type\" content=\"article\" \/>\n<meta property=\"og:title\" content=\"Tourismus\" \/>\n<meta property=\"og:description\" content=\"[vc_row type=&#8220;full_width_background&#8220; full_screen_row_position=&#8220;middle&#8220; equal_height=&#8220;yes&#8220; content_placement=&#8220;middle&#8220; bg_image=&#8220;766&#8243; bg_position=&#8220;center center&#8220; bg_repeat=&#8220;no-repeat&#8220; bg_color=&#8220;#ffffff&#8220; scene_position=&#8220;center&#8220; text_color=&#8220;light&#8220; text_align=&#8220;left&#8220; top_padding=&#8220;9%&#8220; bottom_padding=&#8220;9%&#8220; class=&#8220;title&#8220; enable_gradient=&#8220;true&#8220; color_overlay=&#8220;#0a0a0a&#8220; gradient_direction=&#8220;left_t_to_right_b&#8220; overlay_strength=&#8220;1&#8243; enable_shape_divider=&#8220;true&#8220; shape_divider_color=&#8220;#ffffff&#8220; shape_divider_position=&#8220;bottom&#8220; shape_divider_height=&#8220;250&#8243; shape_type=&#8220;tilt_alt&#8220;][vc_column column_padding=&#8220;no-extra-padding&#8220; column_padding_position=&#8220;all&#8220; background_color_opacity=&#8220;1&#8243; background_hover_color_opacity=&#8220;1&#8243; column_shadow=&#8220;none&#8220;...\" \/>\n<meta property=\"og:url\" content=\"https:\/\/www.panamhotel.fr\/de\/tourismus\/\" \/>\n<meta property=\"og:site_name\" content=\"Panam H\u00f4tel\" \/>\n<meta property=\"article:publisher\" content=\"https:\/\/www.facebook.com\/panamhotel\/\" \/>\n<meta property=\"article:modified_time\" content=\"2019-04-18T07:24:35+00:00\" \/>\n<meta name=\"twitter:card\" content=\"summary_large_image\" \/>\n<meta name=\"twitter:label1\" content=\"Gesch\u00e4tzte Lesezeit\" \/>\n\t<meta name=\"twitter:data1\" content=\"4\u00a0Minuten\" \/>\n<script type=\"application\/ld+json\" class=\"yoast-schema-graph\">{\"@context\":\"https:\/\/schema.org\",\"@graph\":[{\"@type\":\"WebPage\",\"@id\":\"https:\/\/www.panamhotel.fr\/de\/tourismus\/\",\"url\":\"https:\/\/www.panamhotel.fr\/de\/tourismus\/\",\"name\":\"Tourismus\",\"isPartOf\":{\"@id\":\"https:\/\/www.panamhotel.fr\/#website\"},\"datePublished\":\"2019-03-29T09:56:39+00:00\",\"dateModified\":\"2019-04-18T07:24:35+00:00\",\"breadcrumb\":{\"@id\":\"https:\/\/www.panamhotel.fr\/de\/tourismus\/#breadcrumb\"},\"inLanguage\":\"de\",\"potentialAction\":[{\"@type\":\"ReadAction\",\"target\":[\"https:\/\/www.panamhotel.fr\/de\/tourismus\/\"]}]},{\"@type\":\"BreadcrumbList\",\"@id\":\"https:\/\/www.panamhotel.fr\/de\/tourismus\/#breadcrumb\",\"itemListElement\":[{\"@type\":\"ListItem\",\"position\":1,\"name\":\"Accueil\",\"item\":\"https:\/\/www.panamhotel.fr\/de\/\"},{\"@type\":\"ListItem\",\"position\":2,\"name\":\"Tourismus\"}]},{\"@type\":\"WebSite\",\"@id\":\"https:\/\/www.panamhotel.fr\/#website\",\"url\":\"https:\/\/www.panamhotel.fr\/\",\"name\":\"Panam H\u00f4tel\",\"description\":\"H\u00f4tel 3 \u00e9toiles Paris\",\"potentialAction\":[{\"@type\":\"SearchAction\",\"target\":{\"@type\":\"EntryPoint\",\"urlTemplate\":\"https:\/\/www.panamhotel.fr\/?s={search_term_string}\"},\"query-input\":{\"@type\":\"PropertyValueSpecification\",\"valueRequired\":true,\"valueName\":\"search_term_string\"}}],\"inLanguage\":\"de\"}]}<\/script>\n<!-- \/ Yoast SEO plugin. -->","yoast_head_json":{"title":"Tourismus","robots":{"index":"index","follow":"follow","max-snippet":"max-snippet:-1","max-image-preview":"max-image-preview:large","max-video-preview":"max-video-preview:-1"},"canonical":"https:\/\/www.panamhotel.fr\/de\/tourismus\/","og_locale":"de_DE","og_type":"article","og_title":"Tourismus","og_description":"[vc_row type=&#8220;full_width_background&#8220; full_screen_row_position=&#8220;middle&#8220; equal_height=&#8220;yes&#8220; content_placement=&#8220;middle&#8220; bg_image=&#8220;766&#8243; bg_position=&#8220;center center&#8220; bg_repeat=&#8220;no-repeat&#8220; bg_color=&#8220;#ffffff&#8220; scene_position=&#8220;center&#8220; text_color=&#8220;light&#8220; text_align=&#8220;left&#8220; top_padding=&#8220;9%&#8220; bottom_padding=&#8220;9%&#8220; class=&#8220;title&#8220; enable_gradient=&#8220;true&#8220; color_overlay=&#8220;#0a0a0a&#8220; gradient_direction=&#8220;left_t_to_right_b&#8220; overlay_strength=&#8220;1&#8243; enable_shape_divider=&#8220;true&#8220; shape_divider_color=&#8220;#ffffff&#8220; shape_divider_position=&#8220;bottom&#8220; shape_divider_height=&#8220;250&#8243; shape_type=&#8220;tilt_alt&#8220;][vc_column column_padding=&#8220;no-extra-padding&#8220; column_padding_position=&#8220;all&#8220; background_color_opacity=&#8220;1&#8243; background_hover_color_opacity=&#8220;1&#8243; column_shadow=&#8220;none&#8220;...","og_url":"https:\/\/www.panamhotel.fr\/de\/tourismus\/","og_site_name":"Panam H\u00f4tel","article_publisher":"https:\/\/www.facebook.com\/panamhotel\/","article_modified_time":"2019-04-18T07:24:35+00:00","twitter_card":"summary_large_image","twitter_misc":{"Gesch\u00e4tzte Lesezeit":"4\u00a0Minuten"},"schema":{"@context":"https:\/\/schema.org","@graph":[{"@type":"WebPage","@id":"https:\/\/www.panamhotel.fr\/de\/tourismus\/","url":"https:\/\/www.panamhotel.fr\/de\/tourismus\/","name":"Tourismus","isPartOf":{"@id":"https:\/\/www.panamhotel.fr\/#website"},"datePublished":"2019-03-29T09:56:39+00:00","dateModified":"2019-04-18T07:24:35+00:00","breadcrumb":{"@id":"https:\/\/www.panamhotel.fr\/de\/tourismus\/#breadcrumb"},"inLanguage":"de","potentialAction":[{"@type":"ReadAction","target":["https:\/\/www.panamhotel.fr\/de\/tourismus\/"]}]},{"@type":"BreadcrumbList","@id":"https:\/\/www.panamhotel.fr\/de\/tourismus\/#breadcrumb","itemListElement":[{"@type":"ListItem","position":1,"name":"Accueil","item":"https:\/\/www.panamhotel.fr\/de\/"},{"@type":"ListItem","position":2,"name":"Tourismus"}]},{"@type":"WebSite","@id":"https:\/\/www.panamhotel.fr\/#website","url":"https:\/\/www.panamhotel.fr\/","name":"Panam H\u00f4tel","description":"H\u00f4tel 3 \u00e9toiles Paris","potentialAction":[{"@type":"SearchAction","target":{"@type":"EntryPoint","urlTemplate":"https:\/\/www.panamhotel.fr\/?s={search_term_string}"},"query-input":{"@type":"PropertyValueSpecification","valueRequired":true,"valueName":"search_term_string"}}],"inLanguage":"de"}]}},"_links":{"self":[{"href":"https:\/\/www.panamhotel.fr\/de\/wp-json\/wp\/v2\/pages\/824","targetHints":{"allow":["GET"]}}],"collection":[{"href":"https:\/\/www.panamhotel.fr\/de\/wp-json\/wp\/v2\/pages"}],"about":[{"href":"https:\/\/www.panamhotel.fr\/de\/wp-json\/wp\/v2\/types\/page"}],"author":[{"embeddable":true,"href":"https:\/\/www.panamhotel.fr\/de\/wp-json\/wp\/v2\/users\/1"}],"replies":[{"embeddable":true,"href":"https:\/\/www.panamhotel.fr\/de\/wp-json\/wp\/v2\/comments?post=824"}],"version-history":[{"count":3,"href":"https:\/\/www.panamhotel.fr\/de\/wp-json\/wp\/v2\/pages\/824\/revisions"}],"predecessor-version":[{"id":1041,"href":"https:\/\/www.panamhotel.fr\/de\/wp-json\/wp\/v2\/pages\/824\/revisions\/1041"}],"wp:attachment":[{"href":"https:\/\/www.panamhotel.fr\/de\/wp-json\/wp\/v2\/media?parent=824"}],"curies":[{"name":"wp","href":"https:\/\/api.w.org\/{rel}","templated":true}]}}