{"id":928,"date":"2019-04-01T15:31:02","date_gmt":"2019-04-01T13:31:02","guid":{"rendered":"http:\/\/panam.novae.website\/?page_id=928"},"modified":"2024-06-04T09:30:59","modified_gmt":"2024-06-04T07:30:59","slug":"faq","status":"publish","type":"page","link":"https:\/\/www.panamhotel.fr\/es\/faq\/","title":{"rendered":"FAQ"},"content":{"rendered":"[vc_row type=\u00bbfull_width_background\u00bb full_screen_row_position=\u00bbmiddle\u00bb equal_height=\u00bbyes\u00bb content_placement=\u00bbmiddle\u00bb bg_image=\u00bb773&#8243; bg_position=\u00bbcenter center\u00bb bg_repeat=\u00bbno-repeat\u00bb bg_color=\u00bb#ffffff\u00bb scene_position=\u00bbcenter\u00bb text_color=\u00bblight\u00bb text_align=\u00bbleft\u00bb top_padding=\u00bb9%\u00bb bottom_padding=\u00bb9%\u00bb class=\u00bbtitle\u00bb enable_gradient=\u00bbtrue\u00bb color_overlay=\u00bb#0a0a0a\u00bb gradient_direction=\u00bbleft_t_to_right_b\u00bb overlay_strength=\u00bb1&#8243; enable_shape_divider=\u00bbtrue\u00bb shape_divider_color=\u00bb#ffffff\u00bb shape_divider_position=\u00bbbottom\u00bb shape_divider_height=\u00bb250&#8243; shape_type=\u00bbtilt_alt\u00bb][vc_column column_padding=\u00bbno-extra-padding\u00bb column_padding_position=\u00bball\u00bb background_color_opacity=\u00bb1&#8243; background_hover_color_opacity=\u00bb1&#8243; column_shadow=\u00bbnone\u00bb column_border_radius=\u00bbnone\u00bb width=\u00bb1\/1&#8243; tablet_text_alignment=\u00bbdefault\u00bb phone_text_alignment=\u00bbdefault\u00bb column_border_width=\u00bbnone\u00bb column_border_style=\u00bbsolid\u00bb][nectar_animated_title heading_tag=\u00bbh1&#8243; style=\u00bbcolor-strip-reveal\u00bb color=\u00bbAccent-Color\u00bb text=\u00bbF.A.Q.\u00bb]<div class=\"divider-wrap\"><div style=\"height: 50px;\" class=\"divider\"><\/div><\/div>[\/vc_column][\/vc_row][vc_row type=\u00bbin_container\u00bb full_screen_row_position=\u00bbmiddle\u00bb scene_position=\u00bbcenter\u00bb text_color=\u00bbdark\u00bb text_align=\u00bbleft\u00bb id=\u00bbquest\u00bb overlay_strength=\u00bb0.3&#8243; shape_divider_position=\u00bbbottom\u00bb shape_type=\u00bb\u00bb][vc_column column_padding=\u00bbno-extra-padding\u00bb column_padding_position=\u00bball\u00bb background_color_opacity=\u00bb1&#8243; background_hover_color_opacity=\u00bb1&#8243; column_shadow=\u00bbnone\u00bb column_border_radius=\u00bbnone\u00bb width=\u00bb1\/1&#8243; tablet_text_alignment=\u00bbdefault\u00bb phone_text_alignment=\u00bbdefault\u00bb column_border_width=\u00bbnone\u00bb column_border_style=\u00bbsolid\u00bb][vc_custom_heading text=\u00bbPreguntas frecuentes\u00bb font_container=\u00bbtag:h2|font_size:45|text_align:right|color:%234f4f4f|line_height:70px\u00bb use_theme_fonts=\u00bbyes\u00bb css=\u00bb.vc_custom_1554125430374{margin-bottom: 75px !important;}\u00bb][vc_column_text]<strong>\u00bfCu\u00e1les son las horas de check-in y check-out?<\/strong><br \/>\nCheck-in: 3 pm &#8211; Check-out: 11 am<\/p>\n<p><strong>\u00bfPuedo dejar la habitaci\u00f3n m\u00e1s tarde?<\/strong><br \/>\nS\u00ed, hasta las 2 de la tarde con un suplemento de 20 \u20ac.<\/p>\n<p><strong>\u00bfPuedo elegir el tipo de cama en mi habitaci\u00f3n? (cama grande &#8211; 2 camas individuales)?<\/strong><br \/>\nS\u00ed, seg\u00fan disponibilidad en habitaciones dobles (una cama o dos camas individuales).<\/p>\n<p><strong>Venimos con 1 (o m\u00e1s) ni\u00f1os. \u00bfAceptas a\u00f1adir una cama supletoria en una habitaci\u00f3n doble? \u00bfQu\u00e9 otra soluci\u00f3n nos puede ofrecer?<\/strong><br \/>\nNo, no es posible a\u00f1adir una cama en las habitaciones dobles. Sin embargo, hay otros tipos de habitaciones que pueden alojar hasta 4 personas.<\/p>\n<p><strong>\u00bfHay habitaciones para no fumadores?<\/strong><br \/>\nS\u00ed, por favor ind\u00edquelo al hacer su reserva.<\/p>\n<p><strong>\u00bfCu\u00e1ntos pisos contiene el edificio? \u00bfHay un ascensor?<\/strong><br \/>\n7 pisos y un ascensor.<\/p>\n<p><strong>\u00bfHay aire acondicionado en las habitaciones? Trabaja all\u00ed durante todo el a\u00f1o?<\/strong><br \/>\nS\u00ed.<\/p>\n<p><strong>\u00bfEs el hotel adecuado para personas con movilidad reducida?<\/strong><br \/>\nDesgraciadamente no.<\/p>\n<p><strong>\u00bfPuedes guardar mi equipaje cuando salgo de la habitaci\u00f3n?<\/strong><br \/>\nS\u00ed.<\/p>\n<p><strong>\u00bfD\u00f3nde puedo aparcar mi coche en un lugar seguro? \u00bfCu\u00e1l es el costo?<\/strong><br \/>\nS\u00ed, el hotel tiene un garaje a 50 m del hotel. El coste es de 25 \u20ac \/ d\u00eda. N\u00famero de plazas limitadas, gracias por contactarnos.<\/p>\n<p><strong>\u00bfTiene una terminal de internet o correo electr\u00f3nico para clientes?<\/strong><br \/>\nS\u00ed, un Punto de Internet gratuito est\u00e1 disponible para los hu\u00e9spedes.<\/p>\n<p><strong>\u00bfOfrecen internet de banda ancha en la habitaci\u00f3n para mi celular? \u00bfEs wifi (inal\u00e1mbrico)?<\/strong><br \/>\nS\u00ed, ofrecemos WiFi gratis para nuestros clientes.<\/p>\n<p><strong>\u00bfQu\u00e9 idiomas se hablan en la recepci\u00f3n?<\/strong><br \/>\nFranc\u00e9s, ingl\u00e9s, espa\u00f1ol.<\/p>\n<p><strong>\u00bfC\u00f3mo es el barrio en el que se encuentra el hotel?<\/strong><br \/>\nEstamos ubicados en una zona encantadora y tranquila.<\/p>\n<p><strong>\u00bfCu\u00e1l es el aeropuerto m\u00e1s cercano? \u00bfCu\u00e1nto tiempo se tarda en llegar desde el aeropuerto? \u00bfCu\u00e1les son los medios de transporte para llegar al hotel desde el aeropuerto?<\/strong><br \/>\nEl aeropuerto m\u00e1s cercano es Roissy-Charles de Gaulle. El autob\u00fas o el RER D son el transporte p\u00fablico m\u00e1s f\u00e1cil para llegar al hotel.<\/p>\n<p><strong>\u00bfCu\u00e1l es el precio del desayuno? Que propones \u00bfCu\u00e1les son las horas de servicio? \u00bfOfrecen servicio de habitaciones?<\/strong><br \/>\nEl desayuno buffet es de 15 \u20ac. Incluye bebida caliente, zumo de naranja, productos l\u00e1cteos, cereales, boller\u00eda, pan fresco, jam\u00f3n, queso, panqueques, waffle, pasteler\u00eda, pasteler\u00eda, fruta de mantequilla, yogur natural y de frutas, compota de frutas, miel, nutella y mermelada. Se sirve de 7 a 10 a.m. Para cualquier servicio de habitaciones, se requiere un suplemento de 2 \u20ac.[\/vc_column_text][\/vc_column][\/vc_row]\n","protected":false},"excerpt":{"rendered":"<p>[vc_row type=\u00bbfull_width_background\u00bb full_screen_row_position=\u00bbmiddle\u00bb equal_height=\u00bbyes\u00bb content_placement=\u00bbmiddle\u00bb bg_image=\u00bb773&#8243; bg_position=\u00bbcenter center\u00bb bg_repeat=\u00bbno-repeat\u00bb bg_color=\u00bb#ffffff\u00bb scene_position=\u00bbcenter\u00bb text_color=\u00bblight\u00bb text_align=\u00bbleft\u00bb top_padding=\u00bb9%\u00bb bottom_padding=\u00bb9%\u00bb class=\u00bbtitle\u00bb enable_gradient=\u00bbtrue\u00bb color_overlay=\u00bb#0a0a0a\u00bb gradient_direction=\u00bbleft_t_to_right_b\u00bb overlay_strength=\u00bb1&#8243; enable_shape_divider=\u00bbtrue\u00bb shape_divider_color=\u00bb#ffffff\u00bb shape_divider_position=\u00bbbottom\u00bb shape_divider_height=\u00bb250&#8243; shape_type=\u00bbtilt_alt\u00bb][vc_column column_padding=\u00bbno-extra-padding\u00bb column_padding_position=\u00bball\u00bb background_color_opacity=\u00bb1&#8243; background_hover_color_opacity=\u00bb1&#8243; column_shadow=\u00bbnone\u00bb&#8230;<\/p>\n","protected":false},"author":1,"featured_media":0,"parent":0,"menu_order":0,"comment_status":"closed","ping_status":"closed","template":"","meta":{"footnotes":""},"class_list":["post-928","page","type-page","status-publish"],"yoast_head":"<!-- This site is optimized with the Yoast SEO plugin v24.4 - https:\/\/yoast.com\/wordpress\/plugins\/seo\/ -->\n<title>FAQ<\/title>\n<meta name=\"robots\" content=\"index, follow, max-snippet:-1, max-image-preview:large, max-video-preview:-1\" \/>\n<link rel=\"canonical\" href=\"https:\/\/www.panamhotel.fr\/es\/faq\/\" \/>\n<meta property=\"og:locale\" content=\"es_ES\" \/>\n<meta property=\"og:type\" content=\"article\" \/>\n<meta property=\"og:title\" content=\"FAQ\" \/>\n<meta property=\"og:description\" content=\"[vc_row type=\u00bbfull_width_background\u00bb full_screen_row_position=\u00bbmiddle\u00bb equal_height=\u00bbyes\u00bb content_placement=\u00bbmiddle\u00bb bg_image=\u00bb773&#8243; bg_position=\u00bbcenter center\u00bb bg_repeat=\u00bbno-repeat\u00bb bg_color=\u00bb#ffffff\u00bb scene_position=\u00bbcenter\u00bb text_color=\u00bblight\u00bb text_align=\u00bbleft\u00bb top_padding=\u00bb9%\u00bb bottom_padding=\u00bb9%\u00bb class=\u00bbtitle\u00bb enable_gradient=\u00bbtrue\u00bb color_overlay=\u00bb#0a0a0a\u00bb gradient_direction=\u00bbleft_t_to_right_b\u00bb overlay_strength=\u00bb1&#8243; enable_shape_divider=\u00bbtrue\u00bb shape_divider_color=\u00bb#ffffff\u00bb shape_divider_position=\u00bbbottom\u00bb shape_divider_height=\u00bb250&#8243; shape_type=\u00bbtilt_alt\u00bb][vc_column column_padding=\u00bbno-extra-padding\u00bb column_padding_position=\u00bball\u00bb background_color_opacity=\u00bb1&#8243; background_hover_color_opacity=\u00bb1&#8243; column_shadow=\u00bbnone\u00bb...\" \/>\n<meta property=\"og:url\" content=\"https:\/\/www.panamhotel.fr\/es\/faq\/\" \/>\n<meta property=\"og:site_name\" content=\"Panam H\u00f4tel\" \/>\n<meta property=\"article:publisher\" content=\"https:\/\/www.facebook.com\/panamhotel\/\" \/>\n<meta property=\"article:modified_time\" content=\"2024-06-04T07:30:59+00:00\" \/>\n<meta name=\"twitter:card\" content=\"summary_large_image\" \/>\n<meta name=\"twitter:label1\" content=\"Tiempo de lectura\" \/>\n\t<meta name=\"twitter:data1\" content=\"3 minutos\" \/>\n<script type=\"application\/ld+json\" class=\"yoast-schema-graph\">{\"@context\":\"https:\/\/schema.org\",\"@graph\":[{\"@type\":\"WebPage\",\"@id\":\"https:\/\/www.panamhotel.fr\/es\/faq\/\",\"url\":\"https:\/\/www.panamhotel.fr\/es\/faq\/\",\"name\":\"FAQ\",\"isPartOf\":{\"@id\":\"https:\/\/www.panamhotel.fr\/#website\"},\"datePublished\":\"2019-04-01T13:31:02+00:00\",\"dateModified\":\"2024-06-04T07:30:59+00:00\",\"breadcrumb\":{\"@id\":\"https:\/\/www.panamhotel.fr\/es\/faq\/#breadcrumb\"},\"inLanguage\":\"es\",\"potentialAction\":[{\"@type\":\"ReadAction\",\"target\":[\"https:\/\/www.panamhotel.fr\/es\/faq\/\"]}]},{\"@type\":\"BreadcrumbList\",\"@id\":\"https:\/\/www.panamhotel.fr\/es\/faq\/#breadcrumb\",\"itemListElement\":[{\"@type\":\"ListItem\",\"position\":1,\"name\":\"Accueil\",\"item\":\"https:\/\/www.panamhotel.fr\/es\/\"},{\"@type\":\"ListItem\",\"position\":2,\"name\":\"FAQ\"}]},{\"@type\":\"WebSite\",\"@id\":\"https:\/\/www.panamhotel.fr\/#website\",\"url\":\"https:\/\/www.panamhotel.fr\/\",\"name\":\"Panam H\u00f4tel\",\"description\":\"H\u00f4tel 3 \u00e9toiles Paris\",\"potentialAction\":[{\"@type\":\"SearchAction\",\"target\":{\"@type\":\"EntryPoint\",\"urlTemplate\":\"https:\/\/www.panamhotel.fr\/?s={search_term_string}\"},\"query-input\":{\"@type\":\"PropertyValueSpecification\",\"valueRequired\":true,\"valueName\":\"search_term_string\"}}],\"inLanguage\":\"es\"}]}<\/script>\n<!-- \/ Yoast SEO plugin. -->","yoast_head_json":{"title":"FAQ","robots":{"index":"index","follow":"follow","max-snippet":"max-snippet:-1","max-image-preview":"max-image-preview:large","max-video-preview":"max-video-preview:-1"},"canonical":"https:\/\/www.panamhotel.fr\/es\/faq\/","og_locale":"es_ES","og_type":"article","og_title":"FAQ","og_description":"[vc_row type=\u00bbfull_width_background\u00bb full_screen_row_position=\u00bbmiddle\u00bb equal_height=\u00bbyes\u00bb content_placement=\u00bbmiddle\u00bb bg_image=\u00bb773&#8243; bg_position=\u00bbcenter center\u00bb bg_repeat=\u00bbno-repeat\u00bb bg_color=\u00bb#ffffff\u00bb scene_position=\u00bbcenter\u00bb text_color=\u00bblight\u00bb text_align=\u00bbleft\u00bb top_padding=\u00bb9%\u00bb bottom_padding=\u00bb9%\u00bb class=\u00bbtitle\u00bb enable_gradient=\u00bbtrue\u00bb color_overlay=\u00bb#0a0a0a\u00bb gradient_direction=\u00bbleft_t_to_right_b\u00bb overlay_strength=\u00bb1&#8243; enable_shape_divider=\u00bbtrue\u00bb shape_divider_color=\u00bb#ffffff\u00bb shape_divider_position=\u00bbbottom\u00bb shape_divider_height=\u00bb250&#8243; shape_type=\u00bbtilt_alt\u00bb][vc_column column_padding=\u00bbno-extra-padding\u00bb column_padding_position=\u00bball\u00bb background_color_opacity=\u00bb1&#8243; background_hover_color_opacity=\u00bb1&#8243; column_shadow=\u00bbnone\u00bb...","og_url":"https:\/\/www.panamhotel.fr\/es\/faq\/","og_site_name":"Panam H\u00f4tel","article_publisher":"https:\/\/www.facebook.com\/panamhotel\/","article_modified_time":"2024-06-04T07:30:59+00:00","twitter_card":"summary_large_image","twitter_misc":{"Tiempo de lectura":"3 minutos"},"schema":{"@context":"https:\/\/schema.org","@graph":[{"@type":"WebPage","@id":"https:\/\/www.panamhotel.fr\/es\/faq\/","url":"https:\/\/www.panamhotel.fr\/es\/faq\/","name":"FAQ","isPartOf":{"@id":"https:\/\/www.panamhotel.fr\/#website"},"datePublished":"2019-04-01T13:31:02+00:00","dateModified":"2024-06-04T07:30:59+00:00","breadcrumb":{"@id":"https:\/\/www.panamhotel.fr\/es\/faq\/#breadcrumb"},"inLanguage":"es","potentialAction":[{"@type":"ReadAction","target":["https:\/\/www.panamhotel.fr\/es\/faq\/"]}]},{"@type":"BreadcrumbList","@id":"https:\/\/www.panamhotel.fr\/es\/faq\/#breadcrumb","itemListElement":[{"@type":"ListItem","position":1,"name":"Accueil","item":"https:\/\/www.panamhotel.fr\/es\/"},{"@type":"ListItem","position":2,"name":"FAQ"}]},{"@type":"WebSite","@id":"https:\/\/www.panamhotel.fr\/#website","url":"https:\/\/www.panamhotel.fr\/","name":"Panam H\u00f4tel","description":"H\u00f4tel 3 \u00e9toiles Paris","potentialAction":[{"@type":"SearchAction","target":{"@type":"EntryPoint","urlTemplate":"https:\/\/www.panamhotel.fr\/?s={search_term_string}"},"query-input":{"@type":"PropertyValueSpecification","valueRequired":true,"valueName":"search_term_string"}}],"inLanguage":"es"}]}},"_links":{"self":[{"href":"https:\/\/www.panamhotel.fr\/es\/wp-json\/wp\/v2\/pages\/928","targetHints":{"allow":["GET"]}}],"collection":[{"href":"https:\/\/www.panamhotel.fr\/es\/wp-json\/wp\/v2\/pages"}],"about":[{"href":"https:\/\/www.panamhotel.fr\/es\/wp-json\/wp\/v2\/types\/page"}],"author":[{"embeddable":true,"href":"https:\/\/www.panamhotel.fr\/es\/wp-json\/wp\/v2\/users\/1"}],"replies":[{"embeddable":true,"href":"https:\/\/www.panamhotel.fr\/es\/wp-json\/wp\/v2\/comments?post=928"}],"version-history":[{"count":5,"href":"https:\/\/www.panamhotel.fr\/es\/wp-json\/wp\/v2\/pages\/928\/revisions"}],"predecessor-version":[{"id":1305,"href":"https:\/\/www.panamhotel.fr\/es\/wp-json\/wp\/v2\/pages\/928\/revisions\/1305"}],"wp:attachment":[{"href":"https:\/\/www.panamhotel.fr\/es\/wp-json\/wp\/v2\/media?parent=928"}],"curies":[{"name":"wp","href":"https:\/\/api.w.org\/{rel}","templated":true}]}}