{"id":934,"date":"2019-04-01T15:37:08","date_gmt":"2019-04-01T13:37:08","guid":{"rendered":"http:\/\/panam.novae.website\/?page_id=934"},"modified":"2023-03-29T15:33:47","modified_gmt":"2023-03-29T13:33:47","slug":"ofertas","status":"publish","type":"page","link":"https:\/\/www.panamhotel.fr\/es\/ofertas\/","title":{"rendered":"Ofertas"},"content":{"rendered":"[vc_row type=\u00bbfull_width_background\u00bb full_screen_row_position=\u00bbmiddle\u00bb equal_height=\u00bbyes\u00bb content_placement=\u00bbmiddle\u00bb bg_image=\u00bb47&#8243; bg_position=\u00bbcenter center\u00bb bg_repeat=\u00bbno-repeat\u00bb full_height=\u00bbyes\u00bb bg_color=\u00bb#ffffff\u00bb scene_position=\u00bbcenter\u00bb text_color=\u00bblight\u00bb text_align=\u00bbleft\u00bb enable_gradient=\u00bbtrue\u00bb color_overlay=\u00bb#0a0a0a\u00bb gradient_direction=\u00bbleft_t_to_right_b\u00bb overlay_strength=\u00bb1&#8243; enable_shape_divider=\u00bbtrue\u00bb shape_divider_color=\u00bb#ffffff\u00bb shape_divider_position=\u00bbbottom\u00bb shape_divider_height=\u00bb250&#8243; shape_type=\u00bbtilt_alt\u00bb][vc_column column_padding=\u00bbno-extra-padding\u00bb column_padding_position=\u00bball\u00bb background_color_opacity=\u00bb1&#8243; background_hover_color_opacity=\u00bb1&#8243; column_shadow=\u00bbnone\u00bb column_border_radius=\u00bbnone\u00bb width=\u00bb1\/1&#8243; tablet_text_alignment=\u00bbdefault\u00bb phone_text_alignment=\u00bbdefault\u00bb column_border_width=\u00bbnone\u00bb column_border_style=\u00bbsolid\u00bb][nectar_animated_title heading_tag=\u00bbh1&#8243; style=\u00bbcolor-strip-reveal\u00bb color=\u00bbAccent-Color\u00bb text=\u00bbOFERTAS ESPECIALES\u00bb]<div class=\"divider-wrap\"><div style=\"height: 50px;\" class=\"divider\"><\/div><\/div>[nectar_food_menu_item style=\u00bbline_between\u00bb item_name_heading_tag=\u00bbh3&#8243; item_name=\u00bbOFERTA DE \u00daLTIMO MINUTO\u00bb item_description=\u00bbDel 24 de mayo al 31 de mayo de 2019, 10% de descuento en todas las estancias.\u00bb][nectar_food_menu_item style=\u00bbline_between\u00bb item_name_heading_tag=\u00bbh3&#8243; item_name=\u00bbOFERTA DE DESAYUNO\u00bb item_description=\u00bbDel 25 de abril al 26 de diciembre de 2019, desayuno ofrecido.\u00bb][nectar_food_menu_item style=\u00bbline_between\u00bb item_name_heading_tag=\u00bbh3&#8243; item_name=\u00bbOFERTA PROMOCIONAL\u00bb item_description=\u00bbDel 26 de abril al 15 de mayo de 2019, -3% en sus estancias.\u00bb][\/vc_column][\/vc_row]\n","protected":false},"excerpt":{"rendered":"<p>[vc_row type=\u00bbfull_width_background\u00bb full_screen_row_position=\u00bbmiddle\u00bb equal_height=\u00bbyes\u00bb content_placement=\u00bbmiddle\u00bb bg_image=\u00bb47&#8243; bg_position=\u00bbcenter center\u00bb bg_repeat=\u00bbno-repeat\u00bb full_height=\u00bbyes\u00bb bg_color=\u00bb#ffffff\u00bb scene_position=\u00bbcenter\u00bb text_color=\u00bblight\u00bb text_align=\u00bbleft\u00bb enable_gradient=\u00bbtrue\u00bb color_overlay=\u00bb#0a0a0a\u00bb gradient_direction=\u00bbleft_t_to_right_b\u00bb overlay_strength=\u00bb1&#8243; enable_shape_divider=\u00bbtrue\u00bb shape_divider_color=\u00bb#ffffff\u00bb shape_divider_position=\u00bbbottom\u00bb shape_divider_height=\u00bb250&#8243; shape_type=\u00bbtilt_alt\u00bb][vc_column column_padding=\u00bbno-extra-padding\u00bb column_padding_position=\u00bball\u00bb background_color_opacity=\u00bb1&#8243; background_hover_color_opacity=\u00bb1&#8243; column_shadow=\u00bbnone\u00bb column_border_radius=\u00bbnone\u00bb width=\u00bb1\/1&#8243;&#8230;<\/p>\n","protected":false},"author":1,"featured_media":0,"parent":0,"menu_order":0,"comment_status":"closed","ping_status":"closed","template":"","meta":{"footnotes":""},"class_list":["post-934","page","type-page","status-publish"],"yoast_head":"<!-- This site is optimized with the Yoast SEO plugin v24.4 - https:\/\/yoast.com\/wordpress\/plugins\/seo\/ -->\n<title>Ofertas<\/title>\n<meta name=\"robots\" content=\"index, follow, max-snippet:-1, max-image-preview:large, max-video-preview:-1\" \/>\n<link rel=\"canonical\" href=\"https:\/\/www.panamhotel.fr\/es\/ofertas\/\" \/>\n<meta property=\"og:locale\" content=\"es_ES\" \/>\n<meta property=\"og:type\" content=\"article\" \/>\n<meta property=\"og:title\" content=\"Ofertas\" \/>\n<meta property=\"og:description\" content=\"[vc_row type=\u00bbfull_width_background\u00bb full_screen_row_position=\u00bbmiddle\u00bb equal_height=\u00bbyes\u00bb content_placement=\u00bbmiddle\u00bb bg_image=\u00bb47&#8243; bg_position=\u00bbcenter center\u00bb bg_repeat=\u00bbno-repeat\u00bb full_height=\u00bbyes\u00bb bg_color=\u00bb#ffffff\u00bb scene_position=\u00bbcenter\u00bb text_color=\u00bblight\u00bb text_align=\u00bbleft\u00bb enable_gradient=\u00bbtrue\u00bb color_overlay=\u00bb#0a0a0a\u00bb gradient_direction=\u00bbleft_t_to_right_b\u00bb overlay_strength=\u00bb1&#8243; enable_shape_divider=\u00bbtrue\u00bb shape_divider_color=\u00bb#ffffff\u00bb shape_divider_position=\u00bbbottom\u00bb shape_divider_height=\u00bb250&#8243; shape_type=\u00bbtilt_alt\u00bb][vc_column column_padding=\u00bbno-extra-padding\u00bb column_padding_position=\u00bball\u00bb background_color_opacity=\u00bb1&#8243; background_hover_color_opacity=\u00bb1&#8243; column_shadow=\u00bbnone\u00bb column_border_radius=\u00bbnone\u00bb width=\u00bb1\/1&#8243;...\" \/>\n<meta property=\"og:url\" content=\"https:\/\/www.panamhotel.fr\/es\/ofertas\/\" \/>\n<meta property=\"og:site_name\" content=\"Panam H\u00f4tel\" \/>\n<meta property=\"article:publisher\" content=\"https:\/\/www.facebook.com\/panamhotel\/\" \/>\n<meta property=\"article:modified_time\" content=\"2023-03-29T13:33:47+00:00\" \/>\n<meta name=\"twitter:card\" content=\"summary_large_image\" \/>\n<meta name=\"twitter:label1\" content=\"Tiempo de lectura\" \/>\n\t<meta name=\"twitter:data1\" content=\"1 minuto\" \/>\n<script type=\"application\/ld+json\" class=\"yoast-schema-graph\">{\"@context\":\"https:\/\/schema.org\",\"@graph\":[{\"@type\":\"WebPage\",\"@id\":\"https:\/\/www.panamhotel.fr\/es\/ofertas\/\",\"url\":\"https:\/\/www.panamhotel.fr\/es\/ofertas\/\",\"name\":\"Ofertas\",\"isPartOf\":{\"@id\":\"https:\/\/www.panamhotel.fr\/#website\"},\"datePublished\":\"2019-04-01T13:37:08+00:00\",\"dateModified\":\"2023-03-29T13:33:47+00:00\",\"breadcrumb\":{\"@id\":\"https:\/\/www.panamhotel.fr\/es\/ofertas\/#breadcrumb\"},\"inLanguage\":\"es\",\"potentialAction\":[{\"@type\":\"ReadAction\",\"target\":[\"https:\/\/www.panamhotel.fr\/es\/ofertas\/\"]}]},{\"@type\":\"BreadcrumbList\",\"@id\":\"https:\/\/www.panamhotel.fr\/es\/ofertas\/#breadcrumb\",\"itemListElement\":[{\"@type\":\"ListItem\",\"position\":1,\"name\":\"Accueil\",\"item\":\"https:\/\/www.panamhotel.fr\/es\/\"},{\"@type\":\"ListItem\",\"position\":2,\"name\":\"Ofertas\"}]},{\"@type\":\"WebSite\",\"@id\":\"https:\/\/www.panamhotel.fr\/#website\",\"url\":\"https:\/\/www.panamhotel.fr\/\",\"name\":\"Panam H\u00f4tel\",\"description\":\"H\u00f4tel 3 \u00e9toiles Paris\",\"potentialAction\":[{\"@type\":\"SearchAction\",\"target\":{\"@type\":\"EntryPoint\",\"urlTemplate\":\"https:\/\/www.panamhotel.fr\/?s={search_term_string}\"},\"query-input\":{\"@type\":\"PropertyValueSpecification\",\"valueRequired\":true,\"valueName\":\"search_term_string\"}}],\"inLanguage\":\"es\"}]}<\/script>\n<!-- \/ Yoast SEO plugin. -->","yoast_head_json":{"title":"Ofertas","robots":{"index":"index","follow":"follow","max-snippet":"max-snippet:-1","max-image-preview":"max-image-preview:large","max-video-preview":"max-video-preview:-1"},"canonical":"https:\/\/www.panamhotel.fr\/es\/ofertas\/","og_locale":"es_ES","og_type":"article","og_title":"Ofertas","og_description":"[vc_row type=\u00bbfull_width_background\u00bb full_screen_row_position=\u00bbmiddle\u00bb equal_height=\u00bbyes\u00bb content_placement=\u00bbmiddle\u00bb bg_image=\u00bb47&#8243; bg_position=\u00bbcenter center\u00bb bg_repeat=\u00bbno-repeat\u00bb full_height=\u00bbyes\u00bb bg_color=\u00bb#ffffff\u00bb scene_position=\u00bbcenter\u00bb text_color=\u00bblight\u00bb text_align=\u00bbleft\u00bb enable_gradient=\u00bbtrue\u00bb color_overlay=\u00bb#0a0a0a\u00bb gradient_direction=\u00bbleft_t_to_right_b\u00bb overlay_strength=\u00bb1&#8243; enable_shape_divider=\u00bbtrue\u00bb shape_divider_color=\u00bb#ffffff\u00bb shape_divider_position=\u00bbbottom\u00bb shape_divider_height=\u00bb250&#8243; shape_type=\u00bbtilt_alt\u00bb][vc_column column_padding=\u00bbno-extra-padding\u00bb column_padding_position=\u00bball\u00bb background_color_opacity=\u00bb1&#8243; background_hover_color_opacity=\u00bb1&#8243; column_shadow=\u00bbnone\u00bb column_border_radius=\u00bbnone\u00bb width=\u00bb1\/1&#8243;...","og_url":"https:\/\/www.panamhotel.fr\/es\/ofertas\/","og_site_name":"Panam H\u00f4tel","article_publisher":"https:\/\/www.facebook.com\/panamhotel\/","article_modified_time":"2023-03-29T13:33:47+00:00","twitter_card":"summary_large_image","twitter_misc":{"Tiempo de lectura":"1 minuto"},"schema":{"@context":"https:\/\/schema.org","@graph":[{"@type":"WebPage","@id":"https:\/\/www.panamhotel.fr\/es\/ofertas\/","url":"https:\/\/www.panamhotel.fr\/es\/ofertas\/","name":"Ofertas","isPartOf":{"@id":"https:\/\/www.panamhotel.fr\/#website"},"datePublished":"2019-04-01T13:37:08+00:00","dateModified":"2023-03-29T13:33:47+00:00","breadcrumb":{"@id":"https:\/\/www.panamhotel.fr\/es\/ofertas\/#breadcrumb"},"inLanguage":"es","potentialAction":[{"@type":"ReadAction","target":["https:\/\/www.panamhotel.fr\/es\/ofertas\/"]}]},{"@type":"BreadcrumbList","@id":"https:\/\/www.panamhotel.fr\/es\/ofertas\/#breadcrumb","itemListElement":[{"@type":"ListItem","position":1,"name":"Accueil","item":"https:\/\/www.panamhotel.fr\/es\/"},{"@type":"ListItem","position":2,"name":"Ofertas"}]},{"@type":"WebSite","@id":"https:\/\/www.panamhotel.fr\/#website","url":"https:\/\/www.panamhotel.fr\/","name":"Panam H\u00f4tel","description":"H\u00f4tel 3 \u00e9toiles Paris","potentialAction":[{"@type":"SearchAction","target":{"@type":"EntryPoint","urlTemplate":"https:\/\/www.panamhotel.fr\/?s={search_term_string}"},"query-input":{"@type":"PropertyValueSpecification","valueRequired":true,"valueName":"search_term_string"}}],"inLanguage":"es"}]}},"_links":{"self":[{"href":"https:\/\/www.panamhotel.fr\/es\/wp-json\/wp\/v2\/pages\/934","targetHints":{"allow":["GET"]}}],"collection":[{"href":"https:\/\/www.panamhotel.fr\/es\/wp-json\/wp\/v2\/pages"}],"about":[{"href":"https:\/\/www.panamhotel.fr\/es\/wp-json\/wp\/v2\/types\/page"}],"author":[{"embeddable":true,"href":"https:\/\/www.panamhotel.fr\/es\/wp-json\/wp\/v2\/users\/1"}],"replies":[{"embeddable":true,"href":"https:\/\/www.panamhotel.fr\/es\/wp-json\/wp\/v2\/comments?post=934"}],"version-history":[{"count":5,"href":"https:\/\/www.panamhotel.fr\/es\/wp-json\/wp\/v2\/pages\/934\/revisions"}],"predecessor-version":[{"id":1273,"href":"https:\/\/www.panamhotel.fr\/es\/wp-json\/wp\/v2\/pages\/934\/revisions\/1273"}],"wp:attachment":[{"href":"https:\/\/www.panamhotel.fr\/es\/wp-json\/wp\/v2\/media?parent=934"}],"curies":[{"name":"wp","href":"https:\/\/api.w.org\/{rel}","templated":true}]}}