{"id":941,"date":"2019-04-01T15:40:09","date_gmt":"2019-04-01T13:40:09","guid":{"rendered":"http:\/\/panam.novae.website\/?page_id=941"},"modified":"2025-09-11T14:56:29","modified_gmt":"2025-09-11T12:56:29","slug":"reserva","status":"publish","type":"page","link":"https:\/\/www.panamhotel.fr\/es\/reserva\/","title":{"rendered":"Reserva"},"content":{"rendered":"[vc_row type=\u00bbfull_width_background\u00bb full_screen_row_position=\u00bbmiddle\u00bb equal_height=\u00bbyes\u00bb content_placement=\u00bbmiddle\u00bb bg_image=\u00bb778&#8243; bg_position=\u00bbleft top\u00bb bg_repeat=\u00bbno-repeat\u00bb scene_position=\u00bbcenter\u00bb text_color=\u00bblight\u00bb text_align=\u00bbleft\u00bb top_padding=\u00bb10%\u00bb bottom_padding=\u00bb3%\u00bb class=\u00bbtitle\u00bb enable_gradient=\u00bbtrue\u00bb color_overlay=\u00bb#0a0a0a\u00bb gradient_direction=\u00bbtop_to_bottom\u00bb overlay_strength=\u00bb1&#8243; shape_divider_position=\u00bbbottom\u00bb shape_type=\u00bb\u00bb][vc_column column_padding=\u00bbno-extra-padding\u00bb column_padding_position=\u00bball\u00bb background_color_opacity=\u00bb1&#8243; background_hover_color_opacity=\u00bb1&#8243; column_shadow=\u00bbnone\u00bb column_border_radius=\u00bbnone\u00bb width=\u00bb1\/1&#8243; tablet_text_alignment=\u00bbdefault\u00bb phone_text_alignment=\u00bbdefault\u00bb column_border_width=\u00bbnone\u00bb column_border_style=\u00bbsolid\u00bb][vc_row_inner equal_height=\u00bbyes\u00bb content_placement=\u00bbmiddle\u00bb column_margin=\u00bbdefault\u00bb text_align=\u00bbleft\u00bb][vc_column_inner column_padding=\u00bbno-extra-padding\u00bb column_padding_position=\u00bball\u00bb background_color_opacity=\u00bb1&#8243; background_hover_color_opacity=\u00bb1&#8243; column_shadow=\u00bbnone\u00bb column_border_radius=\u00bbnone\u00bb width=\u00bb2\/3&#8243; column_border_width=\u00bbnone\u00bb column_border_style=\u00bbsolid\u00bb][nectar_animated_title heading_tag=\u00bbh1&#8243; style=\u00bbcolor-strip-reveal\u00bb color=\u00bbAccent-Color\u00bb text=\u00bbRESERVA\u00bb][\/vc_column_inner][vc_column_inner column_padding=\u00bbno-extra-padding\u00bb column_padding_position=\u00bball\u00bb background_color_opacity=\u00bb1&#8243; background_hover_color_opacity=\u00bb1&#8243; column_shadow=\u00bbnone\u00bb column_border_radius=\u00bbnone\u00bb width=\u00bb1\/3&#8243; column_border_width=\u00bbnone\u00bb column_border_style=\u00bbsolid\u00bb][vc_raw_html]JTVCc2hvcnRjb2RlLXdlYXRoZXItYXRsYXMlMjBjaXR5X3NlbGVjdG9yJTNENDclMjB1bml0X2NfZiUzRCUyMmMlMjIlMjBiYWNrZ3JvdW5kX2NvbG9yJTNEJTIycmdiYSUyODAlMkMlMjAwJTJDJTIwMCUyQyUyMDAlMjklMjIlMjBzdHlsZSUzRCUyMmhlaWdodCUzQSUyMDEyMHB4JTNCJTIwYm9yZGVyJTNBJTIwbm9uZSUzQiUyMiUyMHRleHRfY29sb3IlM0QlMjIlMjNmZmZmZmYlMjIlMjBzdW5yaXNlX3N1bnNldCUzRCUyMjElMjIlMjBjdXJyZW50JTNEJTIyMCUyMiUyMGRhaWx5JTNEJTIyMCUyMiUyMGRldGFpbGVkX2ZvcmVjYXN0JTNEJTIyMCUyMiUyMGxheW91dCUzRCUyMmhvcml6b250YWwlMjIlNUQ=[\/vc_raw_html][\/vc_column_inner][\/vc_row_inner][\/vc_column][\/vc_row][vc_row type=\u00bbin_container\u00bb full_screen_row_position=\u00bbmiddle\u00bb scene_position=\u00bbcenter\u00bb text_color=\u00bbdark\u00bb text_align=\u00bbleft\u00bb overlay_strength=\u00bb0.3&#8243; shape_divider_position=\u00bbbottom\u00bb][vc_column column_padding=\u00bbno-extra-padding\u00bb column_padding_position=\u00bball\u00bb background_color_opacity=\u00bb1&#8243; background_hover_color_opacity=\u00bb1&#8243; column_shadow=\u00bbnone\u00bb column_border_radius=\u00bbnone\u00bb width=\u00bb1\/1&#8243; tablet_text_alignment=\u00bbdefault\u00bb phone_text_alignment=\u00bbdefault\u00bb column_border_width=\u00bbnone\u00bb column_border_style=\u00bbsolid\u00bb][vc_raw_html]JTNDZGl2JTIwaWQlM0QlMjJub3ZhcmVzYS13aWRnZXQtcm9vdCUyMiUwQWRhdGEtaWRfZmlybSUzRCUyMjI3ODYlMjIlMEFkYXRhLWxhbmclM0QlMjJlcyUyMiUwQWRhdGEtaGVhZGVyLWJhY2tncm91bmQtY29sb3IlM0QlMjIlMjMzMzMzMzMlMjIlMEFkYXRhLWhlYWRlci10ZXh0LWNvbG9yJTNEJTIyJTIzZmZmJTIyJTBBZGF0YS1hY2NlbnQtY29sb3IlM0QlMjIlMjMzMzMzMzMlMjIlMEFkYXRhLWFjY2VudC10ZXh0LWNvbG9yJTNEJTIyJTIzZmZmJTIyJTBBZGF0YS1zcXVhcmUtYm9yZGVyLXJhZGl1cyUzRCUyMnRydWUlMjIlM0UlMEElM0MlMkZkaXYlM0UlMEElM0NzY3JpcHQlMjB0eXBlJTNEJTIybW9kdWxlJTIyJTIwc3JjJTNEJTIyaHR0cHMlM0ElMkYlMkZ3d3cubm92YXJlc2EubmV0JTJGd2lkZ2V0JTJGdjIlMkZ3aWRnZXQuanMlMjIlM0UlM0MlMkZzY3JpcHQlM0U=[\/vc_raw_html][\/vc_column][\/vc_row]\n","protected":false},"excerpt":{"rendered":"<p>[vc_row type=\u00bbfull_width_background\u00bb full_screen_row_position=\u00bbmiddle\u00bb equal_height=\u00bbyes\u00bb content_placement=\u00bbmiddle\u00bb bg_image=\u00bb778&#8243; bg_position=\u00bbleft top\u00bb bg_repeat=\u00bbno-repeat\u00bb scene_position=\u00bbcenter\u00bb text_color=\u00bblight\u00bb text_align=\u00bbleft\u00bb top_padding=\u00bb10%\u00bb bottom_padding=\u00bb3%\u00bb class=\u00bbtitle\u00bb enable_gradient=\u00bbtrue\u00bb color_overlay=\u00bb#0a0a0a\u00bb gradient_direction=\u00bbtop_to_bottom\u00bb overlay_strength=\u00bb1&#8243; shape_divider_position=\u00bbbottom\u00bb shape_type=\u00bb\u00bb][vc_column column_padding=\u00bbno-extra-padding\u00bb column_padding_position=\u00bball\u00bb background_color_opacity=\u00bb1&#8243; background_hover_color_opacity=\u00bb1&#8243; column_shadow=\u00bbnone\u00bb column_border_radius=\u00bbnone\u00bb width=\u00bb1\/1&#8243; tablet_text_alignment=\u00bbdefault\u00bb phone_text_alignment=\u00bbdefault\u00bb&#8230;<\/p>\n","protected":false},"author":1,"featured_media":0,"parent":0,"menu_order":0,"comment_status":"closed","ping_status":"closed","template":"","meta":{"footnotes":""},"class_list":["post-941","page","type-page","status-publish"],"yoast_head":"<!-- This site is optimized with the Yoast SEO plugin v24.4 - https:\/\/yoast.com\/wordpress\/plugins\/seo\/ -->\n<title>Reserva<\/title>\n<meta name=\"robots\" content=\"index, follow, max-snippet:-1, max-image-preview:large, max-video-preview:-1\" \/>\n<link rel=\"canonical\" href=\"https:\/\/www.panamhotel.fr\/es\/reserva\/\" \/>\n<meta property=\"og:locale\" content=\"es_ES\" \/>\n<meta property=\"og:type\" content=\"article\" \/>\n<meta property=\"og:title\" content=\"Reserva\" \/>\n<meta property=\"og:description\" content=\"[vc_row type=\u00bbfull_width_background\u00bb full_screen_row_position=\u00bbmiddle\u00bb equal_height=\u00bbyes\u00bb content_placement=\u00bbmiddle\u00bb bg_image=\u00bb778&#8243; bg_position=\u00bbleft top\u00bb bg_repeat=\u00bbno-repeat\u00bb scene_position=\u00bbcenter\u00bb text_color=\u00bblight\u00bb text_align=\u00bbleft\u00bb top_padding=\u00bb10%\u00bb bottom_padding=\u00bb3%\u00bb class=\u00bbtitle\u00bb enable_gradient=\u00bbtrue\u00bb color_overlay=\u00bb#0a0a0a\u00bb gradient_direction=\u00bbtop_to_bottom\u00bb overlay_strength=\u00bb1&#8243; shape_divider_position=\u00bbbottom\u00bb shape_type=\u00bb\u00bb][vc_column column_padding=\u00bbno-extra-padding\u00bb column_padding_position=\u00bball\u00bb background_color_opacity=\u00bb1&#8243; background_hover_color_opacity=\u00bb1&#8243; column_shadow=\u00bbnone\u00bb column_border_radius=\u00bbnone\u00bb width=\u00bb1\/1&#8243; tablet_text_alignment=\u00bbdefault\u00bb phone_text_alignment=\u00bbdefault\u00bb...\" \/>\n<meta property=\"og:url\" content=\"https:\/\/www.panamhotel.fr\/es\/reserva\/\" \/>\n<meta property=\"og:site_name\" content=\"Panam H\u00f4tel\" \/>\n<meta property=\"article:publisher\" content=\"https:\/\/www.facebook.com\/panamhotel\/\" \/>\n<meta property=\"article:modified_time\" content=\"2025-09-11T12:56:29+00:00\" \/>\n<meta name=\"twitter:card\" content=\"summary_large_image\" \/>\n<meta name=\"twitter:label1\" content=\"Tiempo de lectura\" \/>\n\t<meta name=\"twitter:data1\" content=\"1 minuto\" \/>\n<script type=\"application\/ld+json\" class=\"yoast-schema-graph\">{\"@context\":\"https:\/\/schema.org\",\"@graph\":[{\"@type\":\"WebPage\",\"@id\":\"https:\/\/www.panamhotel.fr\/es\/reserva\/\",\"url\":\"https:\/\/www.panamhotel.fr\/es\/reserva\/\",\"name\":\"Reserva\",\"isPartOf\":{\"@id\":\"https:\/\/www.panamhotel.fr\/#website\"},\"datePublished\":\"2019-04-01T13:40:09+00:00\",\"dateModified\":\"2025-09-11T12:56:29+00:00\",\"breadcrumb\":{\"@id\":\"https:\/\/www.panamhotel.fr\/es\/reserva\/#breadcrumb\"},\"inLanguage\":\"es\",\"potentialAction\":[{\"@type\":\"ReadAction\",\"target\":[\"https:\/\/www.panamhotel.fr\/es\/reserva\/\"]}]},{\"@type\":\"BreadcrumbList\",\"@id\":\"https:\/\/www.panamhotel.fr\/es\/reserva\/#breadcrumb\",\"itemListElement\":[{\"@type\":\"ListItem\",\"position\":1,\"name\":\"Accueil\",\"item\":\"https:\/\/www.panamhotel.fr\/es\/\"},{\"@type\":\"ListItem\",\"position\":2,\"name\":\"Reserva\"}]},{\"@type\":\"WebSite\",\"@id\":\"https:\/\/www.panamhotel.fr\/#website\",\"url\":\"https:\/\/www.panamhotel.fr\/\",\"name\":\"Panam H\u00f4tel\",\"description\":\"H\u00f4tel 3 \u00e9toiles Paris\",\"potentialAction\":[{\"@type\":\"SearchAction\",\"target\":{\"@type\":\"EntryPoint\",\"urlTemplate\":\"https:\/\/www.panamhotel.fr\/?s={search_term_string}\"},\"query-input\":{\"@type\":\"PropertyValueSpecification\",\"valueRequired\":true,\"valueName\":\"search_term_string\"}}],\"inLanguage\":\"es\"}]}<\/script>\n<!-- \/ Yoast SEO plugin. -->","yoast_head_json":{"title":"Reserva","robots":{"index":"index","follow":"follow","max-snippet":"max-snippet:-1","max-image-preview":"max-image-preview:large","max-video-preview":"max-video-preview:-1"},"canonical":"https:\/\/www.panamhotel.fr\/es\/reserva\/","og_locale":"es_ES","og_type":"article","og_title":"Reserva","og_description":"[vc_row type=\u00bbfull_width_background\u00bb full_screen_row_position=\u00bbmiddle\u00bb equal_height=\u00bbyes\u00bb content_placement=\u00bbmiddle\u00bb bg_image=\u00bb778&#8243; bg_position=\u00bbleft top\u00bb bg_repeat=\u00bbno-repeat\u00bb scene_position=\u00bbcenter\u00bb text_color=\u00bblight\u00bb text_align=\u00bbleft\u00bb top_padding=\u00bb10%\u00bb bottom_padding=\u00bb3%\u00bb class=\u00bbtitle\u00bb enable_gradient=\u00bbtrue\u00bb color_overlay=\u00bb#0a0a0a\u00bb gradient_direction=\u00bbtop_to_bottom\u00bb overlay_strength=\u00bb1&#8243; shape_divider_position=\u00bbbottom\u00bb shape_type=\u00bb\u00bb][vc_column column_padding=\u00bbno-extra-padding\u00bb column_padding_position=\u00bball\u00bb background_color_opacity=\u00bb1&#8243; background_hover_color_opacity=\u00bb1&#8243; column_shadow=\u00bbnone\u00bb column_border_radius=\u00bbnone\u00bb width=\u00bb1\/1&#8243; tablet_text_alignment=\u00bbdefault\u00bb phone_text_alignment=\u00bbdefault\u00bb...","og_url":"https:\/\/www.panamhotel.fr\/es\/reserva\/","og_site_name":"Panam H\u00f4tel","article_publisher":"https:\/\/www.facebook.com\/panamhotel\/","article_modified_time":"2025-09-11T12:56:29+00:00","twitter_card":"summary_large_image","twitter_misc":{"Tiempo de lectura":"1 minuto"},"schema":{"@context":"https:\/\/schema.org","@graph":[{"@type":"WebPage","@id":"https:\/\/www.panamhotel.fr\/es\/reserva\/","url":"https:\/\/www.panamhotel.fr\/es\/reserva\/","name":"Reserva","isPartOf":{"@id":"https:\/\/www.panamhotel.fr\/#website"},"datePublished":"2019-04-01T13:40:09+00:00","dateModified":"2025-09-11T12:56:29+00:00","breadcrumb":{"@id":"https:\/\/www.panamhotel.fr\/es\/reserva\/#breadcrumb"},"inLanguage":"es","potentialAction":[{"@type":"ReadAction","target":["https:\/\/www.panamhotel.fr\/es\/reserva\/"]}]},{"@type":"BreadcrumbList","@id":"https:\/\/www.panamhotel.fr\/es\/reserva\/#breadcrumb","itemListElement":[{"@type":"ListItem","position":1,"name":"Accueil","item":"https:\/\/www.panamhotel.fr\/es\/"},{"@type":"ListItem","position":2,"name":"Reserva"}]},{"@type":"WebSite","@id":"https:\/\/www.panamhotel.fr\/#website","url":"https:\/\/www.panamhotel.fr\/","name":"Panam H\u00f4tel","description":"H\u00f4tel 3 \u00e9toiles Paris","potentialAction":[{"@type":"SearchAction","target":{"@type":"EntryPoint","urlTemplate":"https:\/\/www.panamhotel.fr\/?s={search_term_string}"},"query-input":{"@type":"PropertyValueSpecification","valueRequired":true,"valueName":"search_term_string"}}],"inLanguage":"es"}]}},"_links":{"self":[{"href":"https:\/\/www.panamhotel.fr\/es\/wp-json\/wp\/v2\/pages\/941","targetHints":{"allow":["GET"]}}],"collection":[{"href":"https:\/\/www.panamhotel.fr\/es\/wp-json\/wp\/v2\/pages"}],"about":[{"href":"https:\/\/www.panamhotel.fr\/es\/wp-json\/wp\/v2\/types\/page"}],"author":[{"embeddable":true,"href":"https:\/\/www.panamhotel.fr\/es\/wp-json\/wp\/v2\/users\/1"}],"replies":[{"embeddable":true,"href":"https:\/\/www.panamhotel.fr\/es\/wp-json\/wp\/v2\/comments?post=941"}],"version-history":[{"count":6,"href":"https:\/\/www.panamhotel.fr\/es\/wp-json\/wp\/v2\/pages\/941\/revisions"}],"predecessor-version":[{"id":1342,"href":"https:\/\/www.panamhotel.fr\/es\/wp-json\/wp\/v2\/pages\/941\/revisions\/1342"}],"wp:attachment":[{"href":"https:\/\/www.panamhotel.fr\/es\/wp-json\/wp\/v2\/media?parent=941"}],"curies":[{"name":"wp","href":"https:\/\/api.w.org\/{rel}","templated":true}]}}