{"id":866,"date":"2019-03-29T14:45:52","date_gmt":"2019-03-29T13:45:52","guid":{"rendered":"http:\/\/panam.novae.website\/?page_id=866"},"modified":"2024-06-04T09:30:47","modified_gmt":"2024-06-04T07:30:47","slug":"faq","status":"publish","type":"page","link":"https:\/\/www.panamhotel.fr\/it\/faq\/","title":{"rendered":"FAQ"},"content":{"rendered":"[vc_row type=&#8221;full_width_background&#8221; full_screen_row_position=&#8221;middle&#8221; equal_height=&#8221;yes&#8221; content_placement=&#8221;middle&#8221; bg_image=&#8221;772&#8243; bg_position=&#8221;center center&#8221; bg_repeat=&#8221;no-repeat&#8221; bg_color=&#8221;#ffffff&#8221; scene_position=&#8221;center&#8221; text_color=&#8221;light&#8221; text_align=&#8221;left&#8221; top_padding=&#8221;9%&#8221; bottom_padding=&#8221;9%&#8221; class=&#8221;title&#8221; enable_gradient=&#8221;true&#8221; color_overlay=&#8221;#0a0a0a&#8221; gradient_direction=&#8221;left_t_to_right_b&#8221; overlay_strength=&#8221;1&#8243; enable_shape_divider=&#8221;true&#8221; shape_divider_color=&#8221;#ffffff&#8221; shape_divider_position=&#8221;bottom&#8221; shape_divider_height=&#8221;250&#8243; shape_type=&#8221;tilt_alt&#8221;][vc_column column_padding=&#8221;no-extra-padding&#8221; column_padding_position=&#8221;all&#8221; background_color_opacity=&#8221;1&#8243; background_hover_color_opacity=&#8221;1&#8243; column_shadow=&#8221;none&#8221; column_border_radius=&#8221;none&#8221; width=&#8221;1\/1&#8243; tablet_text_alignment=&#8221;default&#8221; phone_text_alignment=&#8221;default&#8221; column_border_width=&#8221;none&#8221; column_border_style=&#8221;solid&#8221;][nectar_animated_title heading_tag=&#8221;h1&#8243; style=&#8221;color-strip-reveal&#8221; color=&#8221;Accent-Color&#8221; text=&#8221;F.A.Q.&#8221;]<div class=\"divider-wrap\"><div style=\"height: 50px;\" class=\"divider\"><\/div><\/div>[\/vc_column][\/vc_row][vc_row type=&#8221;in_container&#8221; full_screen_row_position=&#8221;middle&#8221; scene_position=&#8221;center&#8221; text_color=&#8221;dark&#8221; text_align=&#8221;left&#8221; id=&#8221;quest&#8221; overlay_strength=&#8221;0.3&#8243; shape_divider_position=&#8221;bottom&#8221; shape_type=&#8221;&#8221;][vc_column column_padding=&#8221;no-extra-padding&#8221; column_padding_position=&#8221;all&#8221; background_color_opacity=&#8221;1&#8243; background_hover_color_opacity=&#8221;1&#8243; column_shadow=&#8221;none&#8221; column_border_radius=&#8221;none&#8221; width=&#8221;1\/1&#8243; tablet_text_alignment=&#8221;default&#8221; phone_text_alignment=&#8221;default&#8221; column_border_width=&#8221;none&#8221; column_border_style=&#8221;solid&#8221;][vc_custom_heading text=&#8221;Domande frequenti&#8221; font_container=&#8221;tag:h2|font_size:45|text_align:right|color:%234f4f4f|line_height:70px&#8221; use_theme_fonts=&#8221;yes&#8221; css=&#8221;.vc_custom_1553867129673{margin-bottom: 75px !important;}&#8221;][vc_column_text]<strong>Quali sono gli orari di check-in e check-out?<\/strong><br \/>\nCheck-in: 15:00 &#8211; Check-out: 11:00<\/p>\n<p><strong>Posso lasciare la stanza pi\u00f9 tardi?<\/strong><br \/>\nS\u00ec, fino alle 14:00 con un supplemento di 20 \u20ac.<\/p>\n<p><strong>Posso scegliere il tipo di letto nella mia stanza? (letto grande &#8211; 2 letti singoli)?<\/strong><br \/>\nS\u00ec, in base alla disponibilit\u00e0 delle camere doppie (un letto o due letti singoli).<\/p>\n<p><strong>Veniamo con 1 (o pi\u00f9) bambini. Accetti di aggiungere un letto supplementare in una camera doppia? Quale altra soluzione ci puoi offrire?<\/strong><br \/>\nNo, non \u00e8 possibile aggiungere un letto nelle camere doppie. Tuttavia, ci sono altri tipi di camere che possono ospitare fino a 4 persone.<\/p>\n<p><strong>Ci sono camere per non fumatori?<\/strong><br \/>\nS\u00ec, si prega di indicare al momento della prenotazione.<\/p>\n<p><strong>Quanti piani contiene l&#8217;edificio? C&#8217;\u00e8 un ascensore?<\/strong><br \/>\n7 piani e un ascensore.<\/p>\n<p><strong>C&#8217;\u00e8 l&#8217;aria condizionata nelle stanze? Funziona tutto l&#8217;anno?<\/strong><br \/>\nS\u00ec.<\/p>\n<p><strong>L&#8217;hotel \u00e8 adatto a persone con mobilit\u00e0 ridotta?<\/strong><br \/>\nPurtroppo no.<\/p>\n<p><strong>Puoi tenere il mio bagaglio quando esco dalla stanza?<\/strong><br \/>\nS\u00ec.<\/p>\n<p><strong>Dove posso parcheggiare la mia auto in un luogo sicuro? Qual \u00e8 il costo?<\/strong><br \/>\nS\u00ec, l&#8217;hotel dispone di un garage a 50 m dall&#8217;hotel. Il costo \u00e8 di 25 \u20ac \/ giorno. Numero di posti limitati, grazie per contattarci.<\/p>\n<p><strong>Avete un terminale Internet o e-mail per i clienti?<\/strong><br \/>\nS\u00ec, un Internet Point gratuito \u00e8 disponibile per gli ospiti.<\/p>\n<p><strong>Offrite internet a banda larga nella stanza per il mio cellulare? \u00c8 Wifi (wireless)?<\/strong><br \/>\nS\u00ec, forniamo WiFi gratuito per i nostri clienti.<\/p>\n<p><strong>Quali lingue sono parlate alla reception?<\/strong><br \/>\nFrancese, inglese, spagnolo<\/p>\n<p><strong>Com&#8217;\u00e8 il quartiere in cui si trova l&#8217;hotel?<\/strong><br \/>\nSiamo situati in una zona affascinante e tranquilla.<\/p>\n<p><strong>Qual \u00e8 l&#8217;aeroporto pi\u00f9 vicino? Quanto tempo ci vuole per arrivare dall&#8217;aeroporto? Quali sono i mezzi di trasporto per raggiungere l&#8217;hotel dall&#8217;aeroporto?<\/strong><br \/>\nL&#8217;aeroporto pi\u00f9 vicino \u00e8 Roissy-Charles de Gaulle. L&#8217;autobus o la RER D sono i mezzi pubblici pi\u00f9 facili per raggiungere l&#8217;hotel.<\/p>\n<p><strong>Qual \u00e8 il prezzo della colazione? Cosa stai proponendo? Quali sono gli orari di servizio? Offrite il servizio in camera?<\/strong><br \/>\nLa colazione a buffet \u00e8 di 15 \u20ac. Include bevande calde, succo d&#8217;arancia, prodotti caseari, cereali, pasticcini, pane fresco, prosciutto, formaggio, frittelle, cialde, pasticceria, torta, burro, frutta, yogurt alla frutta, composta di frutta, miele, nutella e marmellata. Viene servito dalle 7:00 alle 10:00. Per qualsiasi servizio in camera \u00e8 richiesto un supplemento di 2 \u20ac.<\/p>\n[\/vc_column_text][\/vc_column][\/vc_row]\n","protected":false},"excerpt":{"rendered":"<p>[vc_row type=&#8221;full_width_background&#8221; full_screen_row_position=&#8221;middle&#8221; equal_height=&#8221;yes&#8221; content_placement=&#8221;middle&#8221; bg_image=&#8221;772&#8243; bg_position=&#8221;center center&#8221; bg_repeat=&#8221;no-repeat&#8221; bg_color=&#8221;#ffffff&#8221; scene_position=&#8221;center&#8221; text_color=&#8221;light&#8221; text_align=&#8221;left&#8221; top_padding=&#8221;9%&#8221; bottom_padding=&#8221;9%&#8221; class=&#8221;title&#8221; enable_gradient=&#8221;true&#8221; color_overlay=&#8221;#0a0a0a&#8221; gradient_direction=&#8221;left_t_to_right_b&#8221; overlay_strength=&#8221;1&#8243; enable_shape_divider=&#8221;true&#8221; shape_divider_color=&#8221;#ffffff&#8221; shape_divider_position=&#8221;bottom&#8221; shape_divider_height=&#8221;250&#8243; shape_type=&#8221;tilt_alt&#8221;][vc_column column_padding=&#8221;no-extra-padding&#8221; column_padding_position=&#8221;all&#8221; background_color_opacity=&#8221;1&#8243; background_hover_color_opacity=&#8221;1&#8243; column_shadow=&#8221;none&#8221;&#8230;<\/p>\n","protected":false},"author":1,"featured_media":0,"parent":0,"menu_order":0,"comment_status":"closed","ping_status":"closed","template":"","meta":{"footnotes":""},"class_list":["post-866","page","type-page","status-publish"],"yoast_head":"<!-- This site is optimized with the Yoast SEO plugin v24.4 - https:\/\/yoast.com\/wordpress\/plugins\/seo\/ -->\n<title>FAQ<\/title>\n<meta name=\"robots\" content=\"index, follow, max-snippet:-1, max-image-preview:large, max-video-preview:-1\" \/>\n<link rel=\"canonical\" href=\"https:\/\/www.panamhotel.fr\/it\/faq\/\" \/>\n<meta property=\"og:locale\" content=\"it_IT\" \/>\n<meta property=\"og:type\" content=\"article\" \/>\n<meta property=\"og:title\" content=\"FAQ\" \/>\n<meta property=\"og:description\" content=\"[vc_row type=&#8221;full_width_background&#8221; full_screen_row_position=&#8221;middle&#8221; equal_height=&#8221;yes&#8221; content_placement=&#8221;middle&#8221; bg_image=&#8221;772&#8243; bg_position=&#8221;center center&#8221; bg_repeat=&#8221;no-repeat&#8221; bg_color=&#8221;#ffffff&#8221; scene_position=&#8221;center&#8221; text_color=&#8221;light&#8221; text_align=&#8221;left&#8221; top_padding=&#8221;9%&#8221; bottom_padding=&#8221;9%&#8221; class=&#8221;title&#8221; enable_gradient=&#8221;true&#8221; color_overlay=&#8221;#0a0a0a&#8221; gradient_direction=&#8221;left_t_to_right_b&#8221; overlay_strength=&#8221;1&#8243; enable_shape_divider=&#8221;true&#8221; shape_divider_color=&#8221;#ffffff&#8221; shape_divider_position=&#8221;bottom&#8221; shape_divider_height=&#8221;250&#8243; shape_type=&#8221;tilt_alt&#8221;][vc_column column_padding=&#8221;no-extra-padding&#8221; column_padding_position=&#8221;all&#8221; background_color_opacity=&#8221;1&#8243; background_hover_color_opacity=&#8221;1&#8243; column_shadow=&#8221;none&#8221;...\" \/>\n<meta property=\"og:url\" content=\"https:\/\/www.panamhotel.fr\/it\/faq\/\" \/>\n<meta property=\"og:site_name\" content=\"Panam H\u00f4tel\" \/>\n<meta property=\"article:publisher\" content=\"https:\/\/www.facebook.com\/panamhotel\/\" \/>\n<meta property=\"article:modified_time\" content=\"2024-06-04T07:30:47+00:00\" \/>\n<meta name=\"twitter:card\" content=\"summary_large_image\" \/>\n<meta name=\"twitter:label1\" content=\"Tempo di lettura stimato\" \/>\n\t<meta name=\"twitter:data1\" content=\"3 minuti\" \/>\n<script type=\"application\/ld+json\" class=\"yoast-schema-graph\">{\"@context\":\"https:\/\/schema.org\",\"@graph\":[{\"@type\":\"WebPage\",\"@id\":\"https:\/\/www.panamhotel.fr\/it\/faq\/\",\"url\":\"https:\/\/www.panamhotel.fr\/it\/faq\/\",\"name\":\"FAQ\",\"isPartOf\":{\"@id\":\"https:\/\/www.panamhotel.fr\/#website\"},\"datePublished\":\"2019-03-29T13:45:52+00:00\",\"dateModified\":\"2024-06-04T07:30:47+00:00\",\"breadcrumb\":{\"@id\":\"https:\/\/www.panamhotel.fr\/it\/faq\/#breadcrumb\"},\"inLanguage\":\"it-IT\",\"potentialAction\":[{\"@type\":\"ReadAction\",\"target\":[\"https:\/\/www.panamhotel.fr\/it\/faq\/\"]}]},{\"@type\":\"BreadcrumbList\",\"@id\":\"https:\/\/www.panamhotel.fr\/it\/faq\/#breadcrumb\",\"itemListElement\":[{\"@type\":\"ListItem\",\"position\":1,\"name\":\"Accueil\",\"item\":\"https:\/\/www.panamhotel.fr\/it\/\"},{\"@type\":\"ListItem\",\"position\":2,\"name\":\"FAQ\"}]},{\"@type\":\"WebSite\",\"@id\":\"https:\/\/www.panamhotel.fr\/#website\",\"url\":\"https:\/\/www.panamhotel.fr\/\",\"name\":\"Panam H\u00f4tel\",\"description\":\"H\u00f4tel 3 \u00e9toiles Paris\",\"potentialAction\":[{\"@type\":\"SearchAction\",\"target\":{\"@type\":\"EntryPoint\",\"urlTemplate\":\"https:\/\/www.panamhotel.fr\/?s={search_term_string}\"},\"query-input\":{\"@type\":\"PropertyValueSpecification\",\"valueRequired\":true,\"valueName\":\"search_term_string\"}}],\"inLanguage\":\"it-IT\"}]}<\/script>\n<!-- \/ Yoast SEO plugin. -->","yoast_head_json":{"title":"FAQ","robots":{"index":"index","follow":"follow","max-snippet":"max-snippet:-1","max-image-preview":"max-image-preview:large","max-video-preview":"max-video-preview:-1"},"canonical":"https:\/\/www.panamhotel.fr\/it\/faq\/","og_locale":"it_IT","og_type":"article","og_title":"FAQ","og_description":"[vc_row type=&#8221;full_width_background&#8221; full_screen_row_position=&#8221;middle&#8221; equal_height=&#8221;yes&#8221; content_placement=&#8221;middle&#8221; bg_image=&#8221;772&#8243; bg_position=&#8221;center center&#8221; bg_repeat=&#8221;no-repeat&#8221; bg_color=&#8221;#ffffff&#8221; scene_position=&#8221;center&#8221; text_color=&#8221;light&#8221; text_align=&#8221;left&#8221; top_padding=&#8221;9%&#8221; bottom_padding=&#8221;9%&#8221; class=&#8221;title&#8221; enable_gradient=&#8221;true&#8221; color_overlay=&#8221;#0a0a0a&#8221; gradient_direction=&#8221;left_t_to_right_b&#8221; overlay_strength=&#8221;1&#8243; enable_shape_divider=&#8221;true&#8221; shape_divider_color=&#8221;#ffffff&#8221; shape_divider_position=&#8221;bottom&#8221; shape_divider_height=&#8221;250&#8243; shape_type=&#8221;tilt_alt&#8221;][vc_column column_padding=&#8221;no-extra-padding&#8221; column_padding_position=&#8221;all&#8221; background_color_opacity=&#8221;1&#8243; background_hover_color_opacity=&#8221;1&#8243; column_shadow=&#8221;none&#8221;...","og_url":"https:\/\/www.panamhotel.fr\/it\/faq\/","og_site_name":"Panam H\u00f4tel","article_publisher":"https:\/\/www.facebook.com\/panamhotel\/","article_modified_time":"2024-06-04T07:30:47+00:00","twitter_card":"summary_large_image","twitter_misc":{"Tempo di lettura stimato":"3 minuti"},"schema":{"@context":"https:\/\/schema.org","@graph":[{"@type":"WebPage","@id":"https:\/\/www.panamhotel.fr\/it\/faq\/","url":"https:\/\/www.panamhotel.fr\/it\/faq\/","name":"FAQ","isPartOf":{"@id":"https:\/\/www.panamhotel.fr\/#website"},"datePublished":"2019-03-29T13:45:52+00:00","dateModified":"2024-06-04T07:30:47+00:00","breadcrumb":{"@id":"https:\/\/www.panamhotel.fr\/it\/faq\/#breadcrumb"},"inLanguage":"it-IT","potentialAction":[{"@type":"ReadAction","target":["https:\/\/www.panamhotel.fr\/it\/faq\/"]}]},{"@type":"BreadcrumbList","@id":"https:\/\/www.panamhotel.fr\/it\/faq\/#breadcrumb","itemListElement":[{"@type":"ListItem","position":1,"name":"Accueil","item":"https:\/\/www.panamhotel.fr\/it\/"},{"@type":"ListItem","position":2,"name":"FAQ"}]},{"@type":"WebSite","@id":"https:\/\/www.panamhotel.fr\/#website","url":"https:\/\/www.panamhotel.fr\/","name":"Panam H\u00f4tel","description":"H\u00f4tel 3 \u00e9toiles Paris","potentialAction":[{"@type":"SearchAction","target":{"@type":"EntryPoint","urlTemplate":"https:\/\/www.panamhotel.fr\/?s={search_term_string}"},"query-input":{"@type":"PropertyValueSpecification","valueRequired":true,"valueName":"search_term_string"}}],"inLanguage":"it-IT"}]}},"_links":{"self":[{"href":"https:\/\/www.panamhotel.fr\/it\/wp-json\/wp\/v2\/pages\/866","targetHints":{"allow":["GET"]}}],"collection":[{"href":"https:\/\/www.panamhotel.fr\/it\/wp-json\/wp\/v2\/pages"}],"about":[{"href":"https:\/\/www.panamhotel.fr\/it\/wp-json\/wp\/v2\/types\/page"}],"author":[{"embeddable":true,"href":"https:\/\/www.panamhotel.fr\/it\/wp-json\/wp\/v2\/users\/1"}],"replies":[{"embeddable":true,"href":"https:\/\/www.panamhotel.fr\/it\/wp-json\/wp\/v2\/comments?post=866"}],"version-history":[{"count":5,"href":"https:\/\/www.panamhotel.fr\/it\/wp-json\/wp\/v2\/pages\/866\/revisions"}],"predecessor-version":[{"id":1304,"href":"https:\/\/www.panamhotel.fr\/it\/wp-json\/wp\/v2\/pages\/866\/revisions\/1304"}],"wp:attachment":[{"href":"https:\/\/www.panamhotel.fr\/it\/wp-json\/wp\/v2\/media?parent=866"}],"curies":[{"name":"wp","href":"https:\/\/api.w.org\/{rel}","templated":true}]}}